{"id":7497,"date":"2018-02-21T08:13:06","date_gmt":"2018-02-21T08:13:06","guid":{"rendered":"http:\/\/fadenkind.ch\/?page_id=7497"},"modified":"2022-04-05T06:59:06","modified_gmt":"2022-04-05T06:59:06","slug":"wimpelketten","status":"publish","type":"page","link":"https:\/\/fadenkind.ch\/?page_id=7497","title":{"rendered":"Wimpelketten | Outdoorwimpelketten"},"content":{"rendered":"\n<p class=\"has-very-dark-gray-color has-text-color\">Wimpelketten &#8211; ein Hingucker f\u00fcr jedes Kinderzimmer oder auch f\u00fcr deinen Aussenbereich. Die Wimpelketten werden nach deinen W\u00fcnschen erstellt. Ebenso ist es m\u00f6glich, eine Kette f\u00fcr den Aussenbereich zu gestalten.<\/p>\n\n\n\n<p class=\"has-very-dark-gray-color has-text-color\">Eine Wimpelkette bis 160 cm inkl. B\u00e4ndel kostet pauschal Chf 23.80. Danach wird der Meterpreis berechnet, egal wie viele Wimpel du innerhalb deiner Wunschl\u00e4nge w\u00e4hlst. Die Standard-Kette, 250 cm inkl. B\u00e4ndel und 12 Wimpel kostet Chf 39.80. Eine Personalisierung der Wimpelkette ist ebenfalls m\u00f6glich (seperate Verrechnung). <\/p>\n\n\n\n<div class=\"wp-block-group\"><div class=\"wp-block-group__inner-container is-layout-flow wp-block-group-is-layout-flow\">\n<figure class=\"wp-block-gallery has-nested-images columns-default is-cropped wp-block-gallery-1 is-layout-flex wp-block-gallery-is-layout-flex\">\n<figure class=\"wp-block-image size-large\"><img loading=\"lazy\" decoding=\"async\" width=\"1024\" height=\"1024\" data-id=\"8322\" src=\"https:\/\/fadenkind.ch\/wp-content\/uploads\/2022\/04\/275381612_4251657218269980_1244742179715127182_n-1024x1024.jpg\" alt=\"\" class=\"wp-image-8322\" srcset=\"https:\/\/fadenkind.ch\/wp-content\/uploads\/2022\/04\/275381612_4251657218269980_1244742179715127182_n-1024x1024.jpg 1024w, https:\/\/fadenkind.ch\/wp-content\/uploads\/2022\/04\/275381612_4251657218269980_1244742179715127182_n-300x300.jpg 300w, https:\/\/fadenkind.ch\/wp-content\/uploads\/2022\/04\/275381612_4251657218269980_1244742179715127182_n-150x150.jpg 150w, https:\/\/fadenkind.ch\/wp-content\/uploads\/2022\/04\/275381612_4251657218269980_1244742179715127182_n-768x768.jpg 768w, https:\/\/fadenkind.ch\/wp-content\/uploads\/2022\/04\/275381612_4251657218269980_1244742179715127182_n-1536x1536.jpg 1536w, https:\/\/fadenkind.ch\/wp-content\/uploads\/2022\/04\/275381612_4251657218269980_1244742179715127182_n.jpg 2048w\" sizes=\"auto, (max-width: 1024px) 100vw, 1024px\" \/><\/figure>\n\n\n\n<figure class=\"wp-block-image size-large\"><img loading=\"lazy\" decoding=\"async\" width=\"1024\" height=\"1024\" data-id=\"8323\" src=\"https:\/\/fadenkind.ch\/wp-content\/uploads\/2022\/04\/274369368_4208685792567123_4618713544161764933_n-1024x1024.jpg\" alt=\"\" class=\"wp-image-8323\" srcset=\"https:\/\/fadenkind.ch\/wp-content\/uploads\/2022\/04\/274369368_4208685792567123_4618713544161764933_n-1024x1024.jpg 1024w, https:\/\/fadenkind.ch\/wp-content\/uploads\/2022\/04\/274369368_4208685792567123_4618713544161764933_n-300x300.jpg 300w, https:\/\/fadenkind.ch\/wp-content\/uploads\/2022\/04\/274369368_4208685792567123_4618713544161764933_n-150x150.jpg 150w, https:\/\/fadenkind.ch\/wp-content\/uploads\/2022\/04\/274369368_4208685792567123_4618713544161764933_n-768x768.jpg 768w, https:\/\/fadenkind.ch\/wp-content\/uploads\/2022\/04\/274369368_4208685792567123_4618713544161764933_n-1536x1536.jpg 1536w, https:\/\/fadenkind.ch\/wp-content\/uploads\/2022\/04\/274369368_4208685792567123_4618713544161764933_n.jpg 2048w\" sizes=\"auto, (max-width: 1024px) 100vw, 1024px\" \/><\/figure>\n\n\n\n<figure class=\"wp-block-image size-large\"><img loading=\"lazy\" decoding=\"async\" width=\"1024\" height=\"1024\" data-id=\"8324\" src=\"https:\/\/fadenkind.ch\/wp-content\/uploads\/2022\/04\/274302694_4206091329493236_5904963997120470889_n-1024x1024.jpg\" alt=\"\" class=\"wp-image-8324\" srcset=\"https:\/\/fadenkind.ch\/wp-content\/uploads\/2022\/04\/274302694_4206091329493236_5904963997120470889_n-1024x1024.jpg 1024w, https:\/\/fadenkind.ch\/wp-content\/uploads\/2022\/04\/274302694_4206091329493236_5904963997120470889_n-300x300.jpg 300w, https:\/\/fadenkind.ch\/wp-content\/uploads\/2022\/04\/274302694_4206091329493236_5904963997120470889_n-150x150.jpg 150w, https:\/\/fadenkind.ch\/wp-content\/uploads\/2022\/04\/274302694_4206091329493236_5904963997120470889_n-768x768.jpg 768w, https:\/\/fadenkind.ch\/wp-content\/uploads\/2022\/04\/274302694_4206091329493236_5904963997120470889_n-1536x1536.jpg 1536w, https:\/\/fadenkind.ch\/wp-content\/uploads\/2022\/04\/274302694_4206091329493236_5904963997120470889_n.jpg 2048w\" sizes=\"auto, (max-width: 1024px) 100vw, 1024px\" \/><\/figure>\n<\/figure>\n<\/div><\/div>\n\n\n\n<figure class=\"wp-block-gallery has-nested-images columns-default is-cropped wp-block-gallery-2 is-layout-flex wp-block-gallery-is-layout-flex\">\n<figure class=\"wp-block-image size-full\"><img loading=\"lazy\" decoding=\"async\" width=\"960\" height=\"960\" data-id=\"8325\" src=\"https:\/\/fadenkind.ch\/wp-content\/uploads\/2022\/04\/106896415_2520443754724677_8260833019681198025_n.jpg\" alt=\"\" class=\"wp-image-8325\" srcset=\"https:\/\/fadenkind.ch\/wp-content\/uploads\/2022\/04\/106896415_2520443754724677_8260833019681198025_n.jpg 960w, https:\/\/fadenkind.ch\/wp-content\/uploads\/2022\/04\/106896415_2520443754724677_8260833019681198025_n-300x300.jpg 300w, https:\/\/fadenkind.ch\/wp-content\/uploads\/2022\/04\/106896415_2520443754724677_8260833019681198025_n-150x150.jpg 150w, https:\/\/fadenkind.ch\/wp-content\/uploads\/2022\/04\/106896415_2520443754724677_8260833019681198025_n-768x768.jpg 768w\" sizes=\"auto, (max-width: 960px) 100vw, 960px\" \/><\/figure>\n\n\n\n<figure class=\"wp-block-image size-large\"><img loading=\"lazy\" decoding=\"async\" width=\"1024\" height=\"1024\" data-id=\"8328\" src=\"https:\/\/fadenkind.ch\/wp-content\/uploads\/2022\/04\/101126332_2428412303927823_1255636910211072000_n-1024x1024.jpg\" alt=\"\" class=\"wp-image-8328\" srcset=\"https:\/\/fadenkind.ch\/wp-content\/uploads\/2022\/04\/101126332_2428412303927823_1255636910211072000_n-1024x1024.jpg 1024w, https:\/\/fadenkind.ch\/wp-content\/uploads\/2022\/04\/101126332_2428412303927823_1255636910211072000_n-300x300.jpg 300w, https:\/\/fadenkind.ch\/wp-content\/uploads\/2022\/04\/101126332_2428412303927823_1255636910211072000_n-150x150.jpg 150w, https:\/\/fadenkind.ch\/wp-content\/uploads\/2022\/04\/101126332_2428412303927823_1255636910211072000_n-768x768.jpg 768w, https:\/\/fadenkind.ch\/wp-content\/uploads\/2022\/04\/101126332_2428412303927823_1255636910211072000_n.jpg 1440w\" sizes=\"auto, (max-width: 1024px) 100vw, 1024px\" \/><\/figure>\n\n\n\n<figure class=\"wp-block-image size-large\"><img loading=\"lazy\" decoding=\"async\" width=\"1024\" height=\"1024\" data-id=\"8329\" src=\"https:\/\/fadenkind.ch\/wp-content\/uploads\/2022\/04\/95327890_2359330104169377_7907259328531267584_n-1024x1024.jpg\" alt=\"\" class=\"wp-image-8329\" srcset=\"https:\/\/fadenkind.ch\/wp-content\/uploads\/2022\/04\/95327890_2359330104169377_7907259328531267584_n-1024x1024.jpg 1024w, https:\/\/fadenkind.ch\/wp-content\/uploads\/2022\/04\/95327890_2359330104169377_7907259328531267584_n-300x300.jpg 300w, https:\/\/fadenkind.ch\/wp-content\/uploads\/2022\/04\/95327890_2359330104169377_7907259328531267584_n-150x150.jpg 150w, https:\/\/fadenkind.ch\/wp-content\/uploads\/2022\/04\/95327890_2359330104169377_7907259328531267584_n-768x768.jpg 768w, https:\/\/fadenkind.ch\/wp-content\/uploads\/2022\/04\/95327890_2359330104169377_7907259328531267584_n.jpg 1440w\" sizes=\"auto, (max-width: 1024px) 100vw, 1024px\" \/><\/figure>\n<\/figure>\n\n\n\n<figure class=\"wp-block-gallery has-nested-images columns-default is-cropped wp-block-gallery-3 is-layout-flex wp-block-gallery-is-layout-flex\"><\/figure>\n","protected":false},"excerpt":{"rendered":"<p>Wimpelketten &#8211; ein Hingucker f\u00fcr jedes Kinderzimmer oder auch f\u00fcr deinen Aussenbereich. Die Wimpelketten werden nach deinen W\u00fcnschen erstellt. Ebenso ist es m\u00f6glich, eine Kette f\u00fcr den Aussenbereich zu gestalten. Eine Wimpelkette bis 160 cm inkl. B\u00e4ndel kostet pauschal Chf 23.80. Danach wird der Meterpreis berechnet, egal wie viele Wimpel du innerhalb deiner Wunschl\u00e4nge w\u00e4hlst. [&hellip;]<\/p>\n","protected":false},"author":2,"featured_media":0,"parent":8366,"menu_order":2,"comment_status":"closed","ping_status":"closed","template":"","meta":{"footnotes":""},"class_list":["post-7497","page","type-page","status-publish","hentry"],"_links":{"self":[{"href":"https:\/\/fadenkind.ch\/index.php?rest_route=\/wp\/v2\/pages\/7497","targetHints":{"allow":["GET"]}}],"collection":[{"href":"https:\/\/fadenkind.ch\/index.php?rest_route=\/wp\/v2\/pages"}],"about":[{"href":"https:\/\/fadenkind.ch\/index.php?rest_route=\/wp\/v2\/types\/page"}],"author":[{"embeddable":true,"href":"https:\/\/fadenkind.ch\/index.php?rest_route=\/wp\/v2\/users\/2"}],"replies":[{"embeddable":true,"href":"https:\/\/fadenkind.ch\/index.php?rest_route=%2Fwp%2Fv2%2Fcomments&post=7497"}],"version-history":[{"count":17,"href":"https:\/\/fadenkind.ch\/index.php?rest_route=\/wp\/v2\/pages\/7497\/revisions"}],"predecessor-version":[{"id":8472,"href":"https:\/\/fadenkind.ch\/index.php?rest_route=\/wp\/v2\/pages\/7497\/revisions\/8472"}],"up":[{"embeddable":true,"href":"https:\/\/fadenkind.ch\/index.php?rest_route=\/wp\/v2\/pages\/8366"}],"wp:attachment":[{"href":"https:\/\/fadenkind.ch\/index.php?rest_route=%2Fwp%2Fv2%2Fmedia&parent=7497"}],"curies":[{"name":"wp","href":"https:\/\/api.w.org\/{rel}","templated":true}]}}