{"id":7642,"date":"2019-02-19T11:52:12","date_gmt":"2019-02-19T11:52:12","guid":{"rendered":"http:\/\/fadenkind.ch\/?page_id=7642"},"modified":"2024-01-29T08:56:23","modified_gmt":"2024-01-29T08:56:23","slug":"haengeutensilo","status":"publish","type":"page","link":"https:\/\/fadenkind.ch\/?page_id=7642","title":{"rendered":"Deko, Schnickschnack und Co."},"content":{"rendered":"\n<p class=\"has-very-dark-gray-color has-text-color\">fadenkind erstellt nicht nur Produkte f\u00fcr die Kleinen, sondern Allerlei auch f\u00fcr die Grossen. Anbei ein Einblick zum Thema Deko, Schnickschnack und Co.<\/p>\n\n\n\n<p class=\"has-very-dark-gray-color has-text-color\">Von den praktischen H\u00e4ngeutensilos in drei Gr\u00f6ssen, bishin zu verschiedenen Beutel, Etuis und T\u00e4schlis. Viele weitere Produkte findest du auf meiner fB-Seite &#8211; f\u00fcr Fragen stehe ich gerne zur Verf\u00fcgung.<\/p>\n\n\n\n<div class=\"wp-block-group\"><div class=\"wp-block-group__inner-container is-layout-flow wp-block-group-is-layout-flow\">\n<figure class=\"wp-block-gallery has-nested-images columns-default is-cropped wp-block-gallery-1 is-layout-flex wp-block-gallery-is-layout-flex\">\n<figure class=\"wp-block-image size-full\"><img loading=\"lazy\" decoding=\"async\" width=\"960\" height=\"960\" data-id=\"8295\" src=\"https:\/\/fadenkind.ch\/wp-content\/uploads\/2022\/04\/35922312_1290729957696069_6349916792730681344_n.jpg\" alt=\"\" class=\"wp-image-8295\" srcset=\"https:\/\/fadenkind.ch\/wp-content\/uploads\/2022\/04\/35922312_1290729957696069_6349916792730681344_n.jpg 960w, https:\/\/fadenkind.ch\/wp-content\/uploads\/2022\/04\/35922312_1290729957696069_6349916792730681344_n-300x300.jpg 300w, https:\/\/fadenkind.ch\/wp-content\/uploads\/2022\/04\/35922312_1290729957696069_6349916792730681344_n-150x150.jpg 150w, https:\/\/fadenkind.ch\/wp-content\/uploads\/2022\/04\/35922312_1290729957696069_6349916792730681344_n-768x768.jpg 768w\" sizes=\"auto, (max-width: 960px) 100vw, 960px\" \/><figcaption class=\"wp-element-caption\">H\u00e4ngeutensilo 2er, Chf 69.80, biete ich nicht mehr an<\/figcaption><\/figure>\n\n\n\n<figure class=\"wp-block-image size-full\"><img loading=\"lazy\" decoding=\"async\" width=\"960\" height=\"960\" data-id=\"8297\" src=\"https:\/\/fadenkind.ch\/wp-content\/uploads\/2022\/04\/118460071_2651803494922035_5057787972786059750_n.jpg\" alt=\"\" class=\"wp-image-8297\" srcset=\"https:\/\/fadenkind.ch\/wp-content\/uploads\/2022\/04\/118460071_2651803494922035_5057787972786059750_n.jpg 960w, https:\/\/fadenkind.ch\/wp-content\/uploads\/2022\/04\/118460071_2651803494922035_5057787972786059750_n-300x300.jpg 300w, https:\/\/fadenkind.ch\/wp-content\/uploads\/2022\/04\/118460071_2651803494922035_5057787972786059750_n-150x150.jpg 150w, https:\/\/fadenkind.ch\/wp-content\/uploads\/2022\/04\/118460071_2651803494922035_5057787972786059750_n-768x768.jpg 768w\" sizes=\"auto, (max-width: 960px) 100vw, 960px\" \/><figcaption class=\"wp-element-caption\">H\u00e4ngeutensilo 4er, Chf 109.80, biete ich nicht mehr an<\/figcaption><\/figure>\n\n\n\n<figure class=\"wp-block-image size-large\"><img loading=\"lazy\" decoding=\"async\" width=\"1024\" height=\"1024\" data-id=\"8298\" src=\"https:\/\/fadenkind.ch\/wp-content\/uploads\/2022\/04\/271219938_4050722268363477_1845093358480817980_n-1024x1024.jpg\" alt=\"\" class=\"wp-image-8298\" srcset=\"https:\/\/fadenkind.ch\/wp-content\/uploads\/2022\/04\/271219938_4050722268363477_1845093358480817980_n-1024x1024.jpg 1024w, https:\/\/fadenkind.ch\/wp-content\/uploads\/2022\/04\/271219938_4050722268363477_1845093358480817980_n-300x300.jpg 300w, https:\/\/fadenkind.ch\/wp-content\/uploads\/2022\/04\/271219938_4050722268363477_1845093358480817980_n-150x150.jpg 150w, https:\/\/fadenkind.ch\/wp-content\/uploads\/2022\/04\/271219938_4050722268363477_1845093358480817980_n-768x768.jpg 768w, https:\/\/fadenkind.ch\/wp-content\/uploads\/2022\/04\/271219938_4050722268363477_1845093358480817980_n-1536x1536.jpg 1536w, https:\/\/fadenkind.ch\/wp-content\/uploads\/2022\/04\/271219938_4050722268363477_1845093358480817980_n.jpg 2048w\" sizes=\"auto, (max-width: 1024px) 100vw, 1024px\" \/><figcaption class=\"wp-element-caption\">H\u00e4ngeutensilo 3er, Chf 89.80, biete ich nicht mehr an<\/figcaption><\/figure>\n<\/figure>\n<\/div><\/div>\n\n\n\n<div class=\"wp-block-columns is-layout-flex wp-container-core-columns-is-layout-9d6595d7 wp-block-columns-is-layout-flex\">\n<div class=\"wp-block-column is-layout-flow wp-block-column-is-layout-flow\">\n<figure class=\"wp-block-image size-large\"><a href=\"https:\/\/fadenkind.ch\/wp-content\/uploads\/2022\/04\/beutel-1024x1024-1.jpg\"><img loading=\"lazy\" decoding=\"async\" width=\"1024\" height=\"1024\" src=\"https:\/\/fadenkind.ch\/wp-content\/uploads\/2022\/04\/beutel-1024x1024-1-1024x1024.jpg\" alt=\"\" class=\"wp-image-8529\" srcset=\"https:\/\/fadenkind.ch\/wp-content\/uploads\/2022\/04\/beutel-1024x1024-1.jpg 1024w, https:\/\/fadenkind.ch\/wp-content\/uploads\/2022\/04\/beutel-1024x1024-1-300x300.jpg 300w, https:\/\/fadenkind.ch\/wp-content\/uploads\/2022\/04\/beutel-1024x1024-1-150x150.jpg 150w, https:\/\/fadenkind.ch\/wp-content\/uploads\/2022\/04\/beutel-1024x1024-1-768x768.jpg 768w\" sizes=\"auto, (max-width: 1024px) 100vw, 1024px\" \/><\/a><figcaption class=\"wp-element-caption\">Einkaufsbeutel ab Chf 39.80<\/figcaption><\/figure>\n<\/div>\n\n\n\n<div class=\"wp-block-column is-layout-flow wp-block-column-is-layout-flow\">\n<figure class=\"wp-block-image size-large\"><a href=\"https:\/\/fadenkind.ch\/wp-content\/uploads\/2022\/04\/rucksack-1024x1024-1.jpg\"><img loading=\"lazy\" decoding=\"async\" width=\"1024\" height=\"1024\" src=\"https:\/\/fadenkind.ch\/wp-content\/uploads\/2022\/04\/rucksack-1024x1024-1-1024x1024.jpg\" alt=\"\" class=\"wp-image-8530\" srcset=\"https:\/\/fadenkind.ch\/wp-content\/uploads\/2022\/04\/rucksack-1024x1024-1.jpg 1024w, https:\/\/fadenkind.ch\/wp-content\/uploads\/2022\/04\/rucksack-1024x1024-1-300x300.jpg 300w, https:\/\/fadenkind.ch\/wp-content\/uploads\/2022\/04\/rucksack-1024x1024-1-150x150.jpg 150w, https:\/\/fadenkind.ch\/wp-content\/uploads\/2022\/04\/rucksack-1024x1024-1-768x768.jpg 768w\" sizes=\"auto, (max-width: 1024px) 100vw, 1024px\" \/><\/a><figcaption class=\"wp-element-caption\">Rucksack-Beutel ab Chf 44.80<\/figcaption><\/figure>\n<\/div>\n\n\n\n<div class=\"wp-block-column is-layout-flow wp-block-column-is-layout-flow\">\n<figure class=\"wp-block-image size-large\"><a href=\"https:\/\/fadenkind.ch\/wp-content\/uploads\/2022\/04\/huelle-ipad-1024x1024-1.jpg\"><img loading=\"lazy\" decoding=\"async\" width=\"1024\" height=\"1024\" src=\"https:\/\/fadenkind.ch\/wp-content\/uploads\/2022\/04\/huelle-ipad-1024x1024-1-1024x1024.jpg\" alt=\"\" class=\"wp-image-8531\" srcset=\"https:\/\/fadenkind.ch\/wp-content\/uploads\/2022\/04\/huelle-ipad-1024x1024-1.jpg 1024w, https:\/\/fadenkind.ch\/wp-content\/uploads\/2022\/04\/huelle-ipad-1024x1024-1-300x300.jpg 300w, https:\/\/fadenkind.ch\/wp-content\/uploads\/2022\/04\/huelle-ipad-1024x1024-1-150x150.jpg 150w, https:\/\/fadenkind.ch\/wp-content\/uploads\/2022\/04\/huelle-ipad-1024x1024-1-768x768.jpg 768w\" sizes=\"auto, (max-width: 1024px) 100vw, 1024px\" \/><\/a><figcaption class=\"wp-element-caption\">H\u00fcllen f\u00fcr IPad, Tolino und Co., Chf 27.80<\/figcaption><\/figure>\n<\/div>\n<\/div>\n\n\n\n<div class=\"wp-block-columns is-layout-flex wp-container-core-columns-is-layout-9d6595d7 wp-block-columns-is-layout-flex\">\n<div class=\"wp-block-column is-layout-flow wp-block-column-is-layout-flow\">\n<figure class=\"wp-block-image size-large\"><a href=\"https:\/\/fadenkind.ch\/wp-content\/uploads\/2022\/04\/Kredit-1024x1024-1.jpg\"><img loading=\"lazy\" decoding=\"async\" width=\"1024\" height=\"1024\" src=\"https:\/\/fadenkind.ch\/wp-content\/uploads\/2022\/04\/Kredit-1024x1024-1-1024x1024.jpg\" alt=\"\" class=\"wp-image-8533\" srcset=\"https:\/\/fadenkind.ch\/wp-content\/uploads\/2022\/04\/Kredit-1024x1024-1.jpg 1024w, https:\/\/fadenkind.ch\/wp-content\/uploads\/2022\/04\/Kredit-1024x1024-1-300x300.jpg 300w, https:\/\/fadenkind.ch\/wp-content\/uploads\/2022\/04\/Kredit-1024x1024-1-150x150.jpg 150w, https:\/\/fadenkind.ch\/wp-content\/uploads\/2022\/04\/Kredit-1024x1024-1-768x768.jpg 768w\" sizes=\"auto, (max-width: 1024px) 100vw, 1024px\" \/><\/a><figcaption class=\"wp-element-caption\">Kreditkartenetui, Chf 11.80<\/figcaption><\/figure>\n<\/div>\n\n\n\n<div class=\"wp-block-column is-layout-flow wp-block-column-is-layout-flow\">\n<figure class=\"wp-block-image size-large\"><a href=\"https:\/\/fadenkind.ch\/wp-content\/uploads\/2022\/04\/Hund-1024x1024-1.jpg\"><img loading=\"lazy\" decoding=\"async\" width=\"1024\" height=\"1024\" src=\"https:\/\/fadenkind.ch\/wp-content\/uploads\/2022\/04\/Hund-1024x1024-1-1024x1024.jpg\" alt=\"\" class=\"wp-image-8534\" srcset=\"https:\/\/fadenkind.ch\/wp-content\/uploads\/2022\/04\/Hund-1024x1024-1.jpg 1024w, https:\/\/fadenkind.ch\/wp-content\/uploads\/2022\/04\/Hund-1024x1024-1-300x300.jpg 300w, https:\/\/fadenkind.ch\/wp-content\/uploads\/2022\/04\/Hund-1024x1024-1-150x150.jpg 150w, https:\/\/fadenkind.ch\/wp-content\/uploads\/2022\/04\/Hund-1024x1024-1-768x768.jpg 768w\" sizes=\"auto, (max-width: 1024px) 100vw, 1024px\" \/><\/a><figcaption class=\"wp-element-caption\">T\u00e4schli f\u00fcr den &#8222;Hund&#8220; ab Chf 11.80<\/figcaption><\/figure>\n<\/div>\n\n\n\n<div class=\"wp-block-column is-layout-flow wp-block-column-is-layout-flow\">\n<figure class=\"wp-block-image size-large\"><a href=\"https:\/\/fadenkind.ch\/wp-content\/uploads\/2022\/04\/Muenz-1024x1024-1.jpg\"><img loading=\"lazy\" decoding=\"async\" width=\"1024\" height=\"1024\" src=\"https:\/\/fadenkind.ch\/wp-content\/uploads\/2022\/04\/Muenz-1024x1024-1-1024x1024.jpg\" alt=\"\" class=\"wp-image-8535\" srcset=\"https:\/\/fadenkind.ch\/wp-content\/uploads\/2022\/04\/Muenz-1024x1024-1.jpg 1024w, https:\/\/fadenkind.ch\/wp-content\/uploads\/2022\/04\/Muenz-1024x1024-1-300x300.jpg 300w, https:\/\/fadenkind.ch\/wp-content\/uploads\/2022\/04\/Muenz-1024x1024-1-150x150.jpg 150w, https:\/\/fadenkind.ch\/wp-content\/uploads\/2022\/04\/Muenz-1024x1024-1-768x768.jpg 768w\" sizes=\"auto, (max-width: 1024px) 100vw, 1024px\" \/><\/a><figcaption class=\"wp-element-caption\">M\u00fcnzt\u00e4schli, Chf 9.80<\/figcaption><\/figure>\n<\/div>\n<\/div>\n\n\n\n<div class=\"wp-block-columns is-layout-flex wp-container-core-columns-is-layout-9d6595d7 wp-block-columns-is-layout-flex\">\n<div class=\"wp-block-column is-layout-flow wp-block-column-is-layout-flow\">\n<figure class=\"wp-block-image size-full is-resized\"><a href=\"https:\/\/fadenkind.ch\/wp-content\/uploads\/2022\/04\/des.mittel-1.jpg\"><img loading=\"lazy\" decoding=\"async\" width=\"960\" height=\"960\" src=\"https:\/\/fadenkind.ch\/wp-content\/uploads\/2022\/04\/des.mittel-1.jpg\" alt=\"\" class=\"wp-image-8536\" srcset=\"https:\/\/fadenkind.ch\/wp-content\/uploads\/2022\/04\/des.mittel-1.jpg 960w, https:\/\/fadenkind.ch\/wp-content\/uploads\/2022\/04\/des.mittel-1-300x300.jpg 300w, https:\/\/fadenkind.ch\/wp-content\/uploads\/2022\/04\/des.mittel-1-150x150.jpg 150w, https:\/\/fadenkind.ch\/wp-content\/uploads\/2022\/04\/des.mittel-1-768x768.jpg 768w\" sizes=\"auto, (max-width: 960px) 100vw, 960px\" \/><\/a><figcaption class=\"wp-element-caption\">Desinfektionsh\u00fclle inkl. Inhalt, Chf 14.80<\/figcaption><\/figure>\n<\/div>\n\n\n\n<div class=\"wp-block-column is-layout-flow wp-block-column-is-layout-flow\">\n<figure class=\"wp-block-image size-full\"><a href=\"https:\/\/fadenkind.ch\/wp-content\/uploads\/2022\/04\/kopfh-1.jpg\"><img loading=\"lazy\" decoding=\"async\" width=\"960\" height=\"960\" src=\"https:\/\/fadenkind.ch\/wp-content\/uploads\/2022\/04\/kopfh-1.jpg\" alt=\"\" class=\"wp-image-8537\" srcset=\"https:\/\/fadenkind.ch\/wp-content\/uploads\/2022\/04\/kopfh-1.jpg 960w, https:\/\/fadenkind.ch\/wp-content\/uploads\/2022\/04\/kopfh-1-300x300.jpg 300w, https:\/\/fadenkind.ch\/wp-content\/uploads\/2022\/04\/kopfh-1-150x150.jpg 150w, https:\/\/fadenkind.ch\/wp-content\/uploads\/2022\/04\/kopfh-1-768x768.jpg 768w\" sizes=\"auto, (max-width: 960px) 100vw, 960px\" \/><\/a><figcaption class=\"wp-element-caption\">Kopfh\u00f6rerhalter, Chf 5.80<\/figcaption><\/figure>\n<\/div>\n\n\n\n<div class=\"wp-block-column is-layout-flow wp-block-column-is-layout-flow\">\n<figure class=\"wp-block-image size-large\"><a href=\"https:\/\/fadenkind.ch\/wp-content\/uploads\/2022\/04\/schluessel-1024x1024-1.jpg\"><img loading=\"lazy\" decoding=\"async\" width=\"1024\" height=\"1024\" src=\"https:\/\/fadenkind.ch\/wp-content\/uploads\/2022\/04\/schluessel-1024x1024-1-1024x1024.jpg\" alt=\"\" class=\"wp-image-8538\" srcset=\"https:\/\/fadenkind.ch\/wp-content\/uploads\/2022\/04\/schluessel-1024x1024-1.jpg 1024w, https:\/\/fadenkind.ch\/wp-content\/uploads\/2022\/04\/schluessel-1024x1024-1-300x300.jpg 300w, https:\/\/fadenkind.ch\/wp-content\/uploads\/2022\/04\/schluessel-1024x1024-1-150x150.jpg 150w, https:\/\/fadenkind.ch\/wp-content\/uploads\/2022\/04\/schluessel-1024x1024-1-768x768.jpg 768w\" sizes=\"auto, (max-width: 1024px) 100vw, 1024px\" \/><\/a><figcaption class=\"wp-element-caption\">Schl\u00fcsselanh\u00e4nger, Chf 7.80<\/figcaption><\/figure>\n<\/div>\n<\/div>\n\n\n\n<div class=\"wp-block-columns is-layout-flex wp-container-core-columns-is-layout-9d6595d7 wp-block-columns-is-layout-flex\">\n<div class=\"wp-block-column is-layout-flow wp-block-column-is-layout-flow\">\n<figure class=\"wp-block-image size-large\"><a href=\"https:\/\/fadenkind.ch\/wp-content\/uploads\/2022\/04\/Zahn-1024x1024-1.jpg\"><img loading=\"lazy\" decoding=\"async\" width=\"1024\" height=\"1024\" src=\"https:\/\/fadenkind.ch\/wp-content\/uploads\/2022\/04\/Zahn-1024x1024-1-1024x1024.jpg\" alt=\"\" class=\"wp-image-8539\" srcset=\"https:\/\/fadenkind.ch\/wp-content\/uploads\/2022\/04\/Zahn-1024x1024-1.jpg 1024w, https:\/\/fadenkind.ch\/wp-content\/uploads\/2022\/04\/Zahn-1024x1024-1-300x300.jpg 300w, https:\/\/fadenkind.ch\/wp-content\/uploads\/2022\/04\/Zahn-1024x1024-1-150x150.jpg 150w, https:\/\/fadenkind.ch\/wp-content\/uploads\/2022\/04\/Zahn-1024x1024-1-768x768.jpg 768w\" sizes=\"auto, (max-width: 1024px) 100vw, 1024px\" \/><\/a><figcaption class=\"wp-element-caption\">Zahnb\u00fcrstenh\u00fclle XXL, Chf 17.80<\/figcaption><\/figure>\n<\/div>\n\n\n\n<div class=\"wp-block-column is-layout-flow wp-block-column-is-layout-flow\">\n<figure class=\"wp-block-image size-large is-resized\"><a href=\"https:\/\/fadenkind.ch\/wp-content\/uploads\/2022\/04\/lavendel-1.jpg\"><img loading=\"lazy\" decoding=\"async\" width=\"1024\" height=\"1024\" src=\"https:\/\/fadenkind.ch\/wp-content\/uploads\/2022\/04\/lavendel-1-1024x1024.jpg\" alt=\"\" class=\"wp-image-8541\" srcset=\"https:\/\/fadenkind.ch\/wp-content\/uploads\/2022\/04\/lavendel-1-1024x1024.jpg 1024w, https:\/\/fadenkind.ch\/wp-content\/uploads\/2022\/04\/lavendel-1-300x300.jpg 300w, https:\/\/fadenkind.ch\/wp-content\/uploads\/2022\/04\/lavendel-1-150x150.jpg 150w, https:\/\/fadenkind.ch\/wp-content\/uploads\/2022\/04\/lavendel-1-768x768.jpg 768w, https:\/\/fadenkind.ch\/wp-content\/uploads\/2022\/04\/lavendel-1.jpg 1440w\" sizes=\"auto, (max-width: 1024px) 100vw, 1024px\" \/><\/a><figcaption class=\"wp-element-caption\">Lavendels\u00e4ckli, Chf 7.80<\/figcaption><\/figure>\n<\/div>\n\n\n\n<div class=\"wp-block-column is-layout-flow wp-block-column-is-layout-flow\"><\/div>\n<\/div>\n","protected":false},"excerpt":{"rendered":"<p>fadenkind erstellt nicht nur Produkte f\u00fcr die Kleinen, sondern Allerlei auch f\u00fcr die Grossen. Anbei ein Einblick zum Thema Deko, Schnickschnack und Co. Von den praktischen H\u00e4ngeutensilos in drei Gr\u00f6ssen, bishin zu verschiedenen Beutel, Etuis und T\u00e4schlis. Viele weitere Produkte findest du auf meiner fB-Seite &#8211; f\u00fcr Fragen stehe ich gerne zur Verf\u00fcgung.<\/p>\n","protected":false},"author":2,"featured_media":0,"parent":8366,"menu_order":5,"comment_status":"closed","ping_status":"closed","template":"","meta":{"footnotes":""},"class_list":["post-7642","page","type-page","status-publish","hentry"],"_links":{"self":[{"href":"https:\/\/fadenkind.ch\/index.php?rest_route=\/wp\/v2\/pages\/7642","targetHints":{"allow":["GET"]}}],"collection":[{"href":"https:\/\/fadenkind.ch\/index.php?rest_route=\/wp\/v2\/pages"}],"about":[{"href":"https:\/\/fadenkind.ch\/index.php?rest_route=\/wp\/v2\/types\/page"}],"author":[{"embeddable":true,"href":"https:\/\/fadenkind.ch\/index.php?rest_route=\/wp\/v2\/users\/2"}],"replies":[{"embeddable":true,"href":"https:\/\/fadenkind.ch\/index.php?rest_route=%2Fwp%2Fv2%2Fcomments&post=7642"}],"version-history":[{"count":14,"href":"https:\/\/fadenkind.ch\/index.php?rest_route=\/wp\/v2\/pages\/7642\/revisions"}],"predecessor-version":[{"id":8654,"href":"https:\/\/fadenkind.ch\/index.php?rest_route=\/wp\/v2\/pages\/7642\/revisions\/8654"}],"up":[{"embeddable":true,"href":"https:\/\/fadenkind.ch\/index.php?rest_route=\/wp\/v2\/pages\/8366"}],"wp:attachment":[{"href":"https:\/\/fadenkind.ch\/index.php?rest_route=%2Fwp%2Fv2%2Fmedia&parent=7642"}],"curies":[{"name":"wp","href":"https:\/\/api.w.org\/{rel}","templated":true}]}}