{"id":7697,"date":"2019-12-11T09:35:51","date_gmt":"2019-12-11T09:35:51","guid":{"rendered":"http:\/\/fadenkind.ch\/?page_id=7697"},"modified":"2022-04-03T10:41:33","modified_gmt":"2022-04-03T10:41:33","slug":"kuechenschwamm","status":"publish","type":"page","link":"https:\/\/fadenkind.ch\/?page_id=7697","title":{"rendered":"K\u00fcchenschwamm"},"content":{"rendered":"\n<p class=\"has-very-dark-gray-color has-text-color\">Der K\u00fcchenschwamm bestehend aus Jute und auf der gegen\u00fcberliegenden Seite einem festeren Baumwollstoff [Canvas] ist in zwei Ausf\u00fchrungen erh\u00e4ltlich. Der Schwamm ist bei 60 Grad waschbar und somit f\u00fcr einen mehrmaligen Gebrauch geeignet.<br \/><br \/>Gr\u00f6sse 1: ca. 8&#215;15 cm f\u00fcr Chf 7.80<br \/>Gr\u00f6sse 2: ca. 13&#215;13 cm f\u00fcr Chf 9.80<\/p>\n\n\n\n<div class=\"wp-block-columns is-layout-flex wp-container-core-columns-is-layout-9d6595d7 wp-block-columns-is-layout-flex\">\n<div class=\"wp-block-column is-layout-flow wp-block-column-is-layout-flow\">\n<figure class=\"wp-block-image size-large\"><a href=\"https:\/\/fadenkind.ch\/wp-content\/uploads\/2022\/04\/71960916_1968948963207495_1427710544382525440_n.jpg\"><img loading=\"lazy\" decoding=\"async\" width=\"1024\" height=\"1024\" src=\"https:\/\/fadenkind.ch\/wp-content\/uploads\/2022\/04\/71960916_1968948963207495_1427710544382525440_n-1024x1024.jpg\" alt=\"\" class=\"wp-image-8381\" srcset=\"https:\/\/fadenkind.ch\/wp-content\/uploads\/2022\/04\/71960916_1968948963207495_1427710544382525440_n-1024x1024.jpg 1024w, https:\/\/fadenkind.ch\/wp-content\/uploads\/2022\/04\/71960916_1968948963207495_1427710544382525440_n-300x300.jpg 300w, https:\/\/fadenkind.ch\/wp-content\/uploads\/2022\/04\/71960916_1968948963207495_1427710544382525440_n-150x150.jpg 150w, https:\/\/fadenkind.ch\/wp-content\/uploads\/2022\/04\/71960916_1968948963207495_1427710544382525440_n-768x768.jpg 768w, https:\/\/fadenkind.ch\/wp-content\/uploads\/2022\/04\/71960916_1968948963207495_1427710544382525440_n.jpg 1440w\" sizes=\"auto, (max-width: 1024px) 100vw, 1024px\" \/><\/a><\/figure>\n<\/div>\n\n\n\n<div class=\"wp-block-column is-layout-flow wp-block-column-is-layout-flow\">\n<figure class=\"wp-block-image size-full\"><a href=\"https:\/\/fadenkind.ch\/wp-content\/uploads\/2022\/04\/72436952_1969032949865763_8240459017294446592_n.jpg\"><img loading=\"lazy\" decoding=\"async\" width=\"960\" height=\"960\" src=\"https:\/\/fadenkind.ch\/wp-content\/uploads\/2022\/04\/72436952_1969032949865763_8240459017294446592_n.jpg\" alt=\"\" class=\"wp-image-8382\" srcset=\"https:\/\/fadenkind.ch\/wp-content\/uploads\/2022\/04\/72436952_1969032949865763_8240459017294446592_n.jpg 960w, https:\/\/fadenkind.ch\/wp-content\/uploads\/2022\/04\/72436952_1969032949865763_8240459017294446592_n-300x300.jpg 300w, https:\/\/fadenkind.ch\/wp-content\/uploads\/2022\/04\/72436952_1969032949865763_8240459017294446592_n-150x150.jpg 150w, https:\/\/fadenkind.ch\/wp-content\/uploads\/2022\/04\/72436952_1969032949865763_8240459017294446592_n-768x768.jpg 768w\" sizes=\"auto, (max-width: 960px) 100vw, 960px\" \/><\/a><\/figure>\n<\/div>\n\n\n\n<div class=\"wp-block-column is-layout-flow wp-block-column-is-layout-flow\">\n<figure class=\"wp-block-image size-full\"><a href=\"https:\/\/fadenkind.ch\/wp-content\/uploads\/2022\/04\/149982183_3092015290900851_7426125900738786178_n.jpg\"><img loading=\"lazy\" decoding=\"async\" width=\"960\" height=\"960\" src=\"https:\/\/fadenkind.ch\/wp-content\/uploads\/2022\/04\/149982183_3092015290900851_7426125900738786178_n.jpg\" alt=\"\" class=\"wp-image-8383\" srcset=\"https:\/\/fadenkind.ch\/wp-content\/uploads\/2022\/04\/149982183_3092015290900851_7426125900738786178_n.jpg 960w, https:\/\/fadenkind.ch\/wp-content\/uploads\/2022\/04\/149982183_3092015290900851_7426125900738786178_n-300x300.jpg 300w, https:\/\/fadenkind.ch\/wp-content\/uploads\/2022\/04\/149982183_3092015290900851_7426125900738786178_n-150x150.jpg 150w, https:\/\/fadenkind.ch\/wp-content\/uploads\/2022\/04\/149982183_3092015290900851_7426125900738786178_n-768x768.jpg 768w\" sizes=\"auto, (max-width: 960px) 100vw, 960px\" \/><\/a><\/figure>\n<\/div>\n<\/div>\n","protected":false},"excerpt":{"rendered":"<p>Der K\u00fcchenschwamm bestehend aus Jute und auf der gegen\u00fcberliegenden Seite einem festeren Baumwollstoff [Canvas] ist in zwei Ausf\u00fchrungen erh\u00e4ltlich. Der Schwamm ist bei 60 Grad waschbar und somit f\u00fcr einen mehrmaligen Gebrauch geeignet. Gr\u00f6sse 1: ca. 8&#215;15 cm f\u00fcr Chf 7.80Gr\u00f6sse 2: ca. 13&#215;13 cm f\u00fcr Chf 9.80<\/p>\n","protected":false},"author":2,"featured_media":0,"parent":8364,"menu_order":1,"comment_status":"closed","ping_status":"closed","template":"","meta":{"footnotes":""},"class_list":["post-7697","page","type-page","status-publish","hentry"],"_links":{"self":[{"href":"https:\/\/fadenkind.ch\/index.php?rest_route=\/wp\/v2\/pages\/7697","targetHints":{"allow":["GET"]}}],"collection":[{"href":"https:\/\/fadenkind.ch\/index.php?rest_route=\/wp\/v2\/pages"}],"about":[{"href":"https:\/\/fadenkind.ch\/index.php?rest_route=\/wp\/v2\/types\/page"}],"author":[{"embeddable":true,"href":"https:\/\/fadenkind.ch\/index.php?rest_route=\/wp\/v2\/users\/2"}],"replies":[{"embeddable":true,"href":"https:\/\/fadenkind.ch\/index.php?rest_route=%2Fwp%2Fv2%2Fcomments&post=7697"}],"version-history":[{"count":8,"href":"https:\/\/fadenkind.ch\/index.php?rest_route=\/wp\/v2\/pages\/7697\/revisions"}],"predecessor-version":[{"id":8384,"href":"https:\/\/fadenkind.ch\/index.php?rest_route=\/wp\/v2\/pages\/7697\/revisions\/8384"}],"up":[{"embeddable":true,"href":"https:\/\/fadenkind.ch\/index.php?rest_route=\/wp\/v2\/pages\/8364"}],"wp:attachment":[{"href":"https:\/\/fadenkind.ch\/index.php?rest_route=%2Fwp%2Fv2%2Fmedia&parent=7697"}],"curies":[{"name":"wp","href":"https:\/\/api.w.org\/{rel}","templated":true}]}}