{"id":7700,"date":"2019-12-11T09:36:23","date_gmt":"2019-12-11T09:36:23","guid":{"rendered":"http:\/\/fadenkind.ch\/?page_id=7700"},"modified":"2022-04-05T06:32:32","modified_gmt":"2022-04-05T06:32:32","slug":"gemuesebeutel","status":"publish","type":"page","link":"https:\/\/fadenkind.ch\/?page_id=7700","title":{"rendered":"Veggiebag | Gem\u00fcsebeutel"},"content":{"rendered":"\n<p class=\"has-very-dark-gray-color has-text-color\">Der Veggiebag oder auch Gem\u00fcsebeutel wird aus einem feinen durchsichtigem Stoff und einem Baumwollstoff erstellt. Er ist in drei Gr\u00f6ssen erh\u00e4ltlich. Damit der feine Stoff nicht reisst, wird der nach Wendung des S\u00e4cklis nochmals abgen\u00e4ht. Viele weitere Beispiele sind auf meiner Facebook-Seite zu finden.<br \/><br \/>Gr\u00f6sse 1: ca. 20&#215;28 cm f\u00fcr Chf 16.80<br \/>Gr\u00f6sse 2: ca. 25&#215;32 cm f\u00fcr Chf 18.80<br \/>Gr\u00f6sse 3: ca. 28&#215;35 cm f\u00fcr Chf 20.80<\/p>\n\n\n\n<p class=\"has-cyan-bluish-gray-color has-text-color\"><\/p>\n\n\n\n<figure class=\"wp-block-gallery has-nested-images columns-default is-cropped wp-block-gallery-1 is-layout-flex wp-block-gallery-is-layout-flex\">\n<figure class=\"wp-block-image size-full\"><img loading=\"lazy\" decoding=\"async\" width=\"960\" height=\"960\" data-id=\"8283\" src=\"https:\/\/fadenkind.ch\/wp-content\/uploads\/2022\/04\/81789982_2148806355221754_2080426572715655168_n.jpg\" alt=\"\" class=\"wp-image-8283\" srcset=\"https:\/\/fadenkind.ch\/wp-content\/uploads\/2022\/04\/81789982_2148806355221754_2080426572715655168_n.jpg 960w, https:\/\/fadenkind.ch\/wp-content\/uploads\/2022\/04\/81789982_2148806355221754_2080426572715655168_n-300x300.jpg 300w, https:\/\/fadenkind.ch\/wp-content\/uploads\/2022\/04\/81789982_2148806355221754_2080426572715655168_n-150x150.jpg 150w, https:\/\/fadenkind.ch\/wp-content\/uploads\/2022\/04\/81789982_2148806355221754_2080426572715655168_n-768x768.jpg 768w\" sizes=\"auto, (max-width: 960px) 100vw, 960px\" \/><\/figure>\n\n\n\n<figure class=\"wp-block-image size-full\"><img loading=\"lazy\" decoding=\"async\" width=\"960\" height=\"960\" data-id=\"8284\" src=\"https:\/\/fadenkind.ch\/wp-content\/uploads\/2022\/04\/93550003_2336028883166166_7252277000574861312_n.jpg\" alt=\"\" class=\"wp-image-8284\" srcset=\"https:\/\/fadenkind.ch\/wp-content\/uploads\/2022\/04\/93550003_2336028883166166_7252277000574861312_n.jpg 960w, https:\/\/fadenkind.ch\/wp-content\/uploads\/2022\/04\/93550003_2336028883166166_7252277000574861312_n-300x300.jpg 300w, https:\/\/fadenkind.ch\/wp-content\/uploads\/2022\/04\/93550003_2336028883166166_7252277000574861312_n-150x150.jpg 150w, https:\/\/fadenkind.ch\/wp-content\/uploads\/2022\/04\/93550003_2336028883166166_7252277000574861312_n-768x768.jpg 768w\" sizes=\"auto, (max-width: 960px) 100vw, 960px\" \/><\/figure>\n\n\n\n<figure class=\"wp-block-image size-full\"><img loading=\"lazy\" decoding=\"async\" width=\"960\" height=\"960\" data-id=\"8285\" src=\"https:\/\/fadenkind.ch\/wp-content\/uploads\/2022\/04\/122654680_2821648191270897_476228789455956321_n.jpg\" alt=\"\" class=\"wp-image-8285\" srcset=\"https:\/\/fadenkind.ch\/wp-content\/uploads\/2022\/04\/122654680_2821648191270897_476228789455956321_n.jpg 960w, https:\/\/fadenkind.ch\/wp-content\/uploads\/2022\/04\/122654680_2821648191270897_476228789455956321_n-300x300.jpg 300w, https:\/\/fadenkind.ch\/wp-content\/uploads\/2022\/04\/122654680_2821648191270897_476228789455956321_n-150x150.jpg 150w, https:\/\/fadenkind.ch\/wp-content\/uploads\/2022\/04\/122654680_2821648191270897_476228789455956321_n-768x768.jpg 768w\" sizes=\"auto, (max-width: 960px) 100vw, 960px\" \/><\/figure>\n<\/figure>\n","protected":false},"excerpt":{"rendered":"<p>Der Veggiebag oder auch Gem\u00fcsebeutel wird aus einem feinen durchsichtigem Stoff und einem Baumwollstoff erstellt. Er ist in drei Gr\u00f6ssen erh\u00e4ltlich. Damit der feine Stoff nicht reisst, wird der nach Wendung des S\u00e4cklis nochmals abgen\u00e4ht. Viele weitere Beispiele sind auf meiner Facebook-Seite zu finden. Gr\u00f6sse 1: ca. 20&#215;28 cm f\u00fcr Chf 16.80Gr\u00f6sse 2: ca. 25&#215;32 [&hellip;]<\/p>\n","protected":false},"author":2,"featured_media":0,"parent":8364,"menu_order":2,"comment_status":"closed","ping_status":"closed","template":"","meta":{"footnotes":""},"class_list":["post-7700","page","type-page","status-publish","hentry"],"_links":{"self":[{"href":"https:\/\/fadenkind.ch\/index.php?rest_route=\/wp\/v2\/pages\/7700","targetHints":{"allow":["GET"]}}],"collection":[{"href":"https:\/\/fadenkind.ch\/index.php?rest_route=\/wp\/v2\/pages"}],"about":[{"href":"https:\/\/fadenkind.ch\/index.php?rest_route=\/wp\/v2\/types\/page"}],"author":[{"embeddable":true,"href":"https:\/\/fadenkind.ch\/index.php?rest_route=\/wp\/v2\/users\/2"}],"replies":[{"embeddable":true,"href":"https:\/\/fadenkind.ch\/index.php?rest_route=%2Fwp%2Fv2%2Fcomments&post=7700"}],"version-history":[{"count":10,"href":"https:\/\/fadenkind.ch\/index.php?rest_route=\/wp\/v2\/pages\/7700\/revisions"}],"predecessor-version":[{"id":8436,"href":"https:\/\/fadenkind.ch\/index.php?rest_route=\/wp\/v2\/pages\/7700\/revisions\/8436"}],"up":[{"embeddable":true,"href":"https:\/\/fadenkind.ch\/index.php?rest_route=\/wp\/v2\/pages\/8364"}],"wp:attachment":[{"href":"https:\/\/fadenkind.ch\/index.php?rest_route=%2Fwp%2Fv2%2Fmedia&parent=7700"}],"curies":[{"name":"wp","href":"https:\/\/api.w.org\/{rel}","templated":true}]}}