{"id":7703,"date":"2019-12-11T09:36:36","date_gmt":"2019-12-11T09:36:36","guid":{"rendered":"http:\/\/fadenkind.ch\/?page_id=7703"},"modified":"2023-12-29T06:47:43","modified_gmt":"2023-12-29T06:47:43","slug":"brotbeutel","status":"publish","type":"page","link":"https:\/\/fadenkind.ch\/?page_id=7703","title":{"rendered":"Brotsack | Brotbeutel"},"content":{"rendered":"\n<p class=\"has-very-dark-gray-color has-text-color\">Der Brotsack oder auch Brotbeutel genannt wird aus einem Leinenstoff 100% und einem Baumwollteil gen\u00e4ht. fadenkind bietet den Beutel in drei verschiedenen Gr\u00f6ssen an.<br \/><br \/>Gr\u00f6sse 1: ca. 30&#215;24 cm f\u00fcr Chf 27.80<br \/>Gr\u00f6sse 2: ca. 38&#215;27 cm f\u00fcr Chf 29.80<br \/>Gr\u00f6sse 3: ca. 43&#215;30 cm f\u00fcr Chf 31.80 <\/p>\n\n\n\n<figure class=\"wp-block-gallery has-nested-images columns-default is-cropped wp-block-gallery-1 is-layout-flex wp-block-gallery-is-layout-flex\">\n<figure class=\"wp-block-image size-full\"><img loading=\"lazy\" decoding=\"async\" width=\"960\" height=\"960\" data-id=\"8233\" src=\"https:\/\/fadenkind.ch\/wp-content\/uploads\/2022\/04\/74434608_1990136507755407_2735297914422165504_n.jpg\" alt=\"\" class=\"wp-image-8233\" srcset=\"https:\/\/fadenkind.ch\/wp-content\/uploads\/2022\/04\/74434608_1990136507755407_2735297914422165504_n.jpg 960w, https:\/\/fadenkind.ch\/wp-content\/uploads\/2022\/04\/74434608_1990136507755407_2735297914422165504_n-300x300.jpg 300w, https:\/\/fadenkind.ch\/wp-content\/uploads\/2022\/04\/74434608_1990136507755407_2735297914422165504_n-150x150.jpg 150w, https:\/\/fadenkind.ch\/wp-content\/uploads\/2022\/04\/74434608_1990136507755407_2735297914422165504_n-768x768.jpg 768w\" sizes=\"auto, (max-width: 960px) 100vw, 960px\" \/><\/figure>\n\n\n\n<figure class=\"wp-block-image size-full\"><img loading=\"lazy\" decoding=\"async\" width=\"960\" height=\"960\" data-id=\"8234\" src=\"https:\/\/fadenkind.ch\/wp-content\/uploads\/2022\/04\/96553876_2379377215497999_1512234285292060672_n.jpg\" alt=\"\" class=\"wp-image-8234\" srcset=\"https:\/\/fadenkind.ch\/wp-content\/uploads\/2022\/04\/96553876_2379377215497999_1512234285292060672_n.jpg 960w, https:\/\/fadenkind.ch\/wp-content\/uploads\/2022\/04\/96553876_2379377215497999_1512234285292060672_n-300x300.jpg 300w, https:\/\/fadenkind.ch\/wp-content\/uploads\/2022\/04\/96553876_2379377215497999_1512234285292060672_n-150x150.jpg 150w, https:\/\/fadenkind.ch\/wp-content\/uploads\/2022\/04\/96553876_2379377215497999_1512234285292060672_n-768x768.jpg 768w\" sizes=\"auto, (max-width: 960px) 100vw, 960px\" \/><\/figure>\n\n\n\n<figure class=\"wp-block-image size-full\"><img loading=\"lazy\" decoding=\"async\" width=\"960\" height=\"960\" data-id=\"8235\" src=\"https:\/\/fadenkind.ch\/wp-content\/uploads\/2022\/04\/96599563_2379377138831340_1873778812588654592_n.jpg\" alt=\"\" class=\"wp-image-8235\" srcset=\"https:\/\/fadenkind.ch\/wp-content\/uploads\/2022\/04\/96599563_2379377138831340_1873778812588654592_n.jpg 960w, https:\/\/fadenkind.ch\/wp-content\/uploads\/2022\/04\/96599563_2379377138831340_1873778812588654592_n-300x300.jpg 300w, https:\/\/fadenkind.ch\/wp-content\/uploads\/2022\/04\/96599563_2379377138831340_1873778812588654592_n-150x150.jpg 150w, https:\/\/fadenkind.ch\/wp-content\/uploads\/2022\/04\/96599563_2379377138831340_1873778812588654592_n-768x768.jpg 768w\" sizes=\"auto, (max-width: 960px) 100vw, 960px\" \/><\/figure>\n<\/figure>\n\n\n\n<figure class=\"wp-block-gallery has-nested-images columns-default is-cropped wp-block-gallery-2 is-layout-flex wp-block-gallery-is-layout-flex\">\n<figure class=\"wp-block-image size-full\"><img loading=\"lazy\" decoding=\"async\" width=\"960\" height=\"960\" data-id=\"8236\" src=\"https:\/\/fadenkind.ch\/wp-content\/uploads\/2022\/04\/185557009_3329409203828124_7882394010616747135_n.jpg\" alt=\"\" class=\"wp-image-8236\" srcset=\"https:\/\/fadenkind.ch\/wp-content\/uploads\/2022\/04\/185557009_3329409203828124_7882394010616747135_n.jpg 960w, https:\/\/fadenkind.ch\/wp-content\/uploads\/2022\/04\/185557009_3329409203828124_7882394010616747135_n-300x300.jpg 300w, https:\/\/fadenkind.ch\/wp-content\/uploads\/2022\/04\/185557009_3329409203828124_7882394010616747135_n-150x150.jpg 150w, https:\/\/fadenkind.ch\/wp-content\/uploads\/2022\/04\/185557009_3329409203828124_7882394010616747135_n-768x768.jpg 768w\" sizes=\"auto, (max-width: 960px) 100vw, 960px\" \/><\/figure>\n\n\n\n<figure class=\"wp-block-image size-full\"><img loading=\"lazy\" decoding=\"async\" width=\"960\" height=\"960\" data-id=\"8237\" src=\"https:\/\/fadenkind.ch\/wp-content\/uploads\/2022\/04\/232991495_3574901912612184_4120132389826161045_n.jpg\" alt=\"\" class=\"wp-image-8237\" srcset=\"https:\/\/fadenkind.ch\/wp-content\/uploads\/2022\/04\/232991495_3574901912612184_4120132389826161045_n.jpg 960w, https:\/\/fadenkind.ch\/wp-content\/uploads\/2022\/04\/232991495_3574901912612184_4120132389826161045_n-300x300.jpg 300w, https:\/\/fadenkind.ch\/wp-content\/uploads\/2022\/04\/232991495_3574901912612184_4120132389826161045_n-150x150.jpg 150w, https:\/\/fadenkind.ch\/wp-content\/uploads\/2022\/04\/232991495_3574901912612184_4120132389826161045_n-768x768.jpg 768w\" sizes=\"auto, (max-width: 960px) 100vw, 960px\" \/><\/figure>\n\n\n\n<figure class=\"wp-block-image size-large\"><img loading=\"lazy\" decoding=\"async\" width=\"1024\" height=\"1024\" data-id=\"8239\" src=\"https:\/\/fadenkind.ch\/wp-content\/uploads\/2022\/04\/262054378_3924873367615035_4739314048439797624_n-1024x1024.jpg\" alt=\"\" class=\"wp-image-8239\" srcset=\"https:\/\/fadenkind.ch\/wp-content\/uploads\/2022\/04\/262054378_3924873367615035_4739314048439797624_n-1024x1024.jpg 1024w, https:\/\/fadenkind.ch\/wp-content\/uploads\/2022\/04\/262054378_3924873367615035_4739314048439797624_n-300x300.jpg 300w, https:\/\/fadenkind.ch\/wp-content\/uploads\/2022\/04\/262054378_3924873367615035_4739314048439797624_n-150x150.jpg 150w, https:\/\/fadenkind.ch\/wp-content\/uploads\/2022\/04\/262054378_3924873367615035_4739314048439797624_n-768x768.jpg 768w, https:\/\/fadenkind.ch\/wp-content\/uploads\/2022\/04\/262054378_3924873367615035_4739314048439797624_n-1536x1536.jpg 1536w, https:\/\/fadenkind.ch\/wp-content\/uploads\/2022\/04\/262054378_3924873367615035_4739314048439797624_n.jpg 2048w\" sizes=\"auto, (max-width: 1024px) 100vw, 1024px\" \/><\/figure>\n<\/figure>\n","protected":false},"excerpt":{"rendered":"<p>Der Brotsack oder auch Brotbeutel genannt wird aus einem Leinenstoff 100% und einem Baumwollteil gen\u00e4ht. fadenkind bietet den Beutel in drei verschiedenen Gr\u00f6ssen an. Gr\u00f6sse 1: ca. 30&#215;24 cm f\u00fcr Chf 27.80Gr\u00f6sse 2: ca. 38&#215;27 cm f\u00fcr Chf 29.80Gr\u00f6sse 3: ca. 43&#215;30 cm f\u00fcr Chf 31.80<\/p>\n","protected":false},"author":2,"featured_media":0,"parent":8364,"menu_order":5,"comment_status":"closed","ping_status":"closed","template":"","meta":{"footnotes":""},"class_list":["post-7703","page","type-page","status-publish","hentry"],"_links":{"self":[{"href":"https:\/\/fadenkind.ch\/index.php?rest_route=\/wp\/v2\/pages\/7703","targetHints":{"allow":["GET"]}}],"collection":[{"href":"https:\/\/fadenkind.ch\/index.php?rest_route=\/wp\/v2\/pages"}],"about":[{"href":"https:\/\/fadenkind.ch\/index.php?rest_route=\/wp\/v2\/types\/page"}],"author":[{"embeddable":true,"href":"https:\/\/fadenkind.ch\/index.php?rest_route=\/wp\/v2\/users\/2"}],"replies":[{"embeddable":true,"href":"https:\/\/fadenkind.ch\/index.php?rest_route=%2Fwp%2Fv2%2Fcomments&post=7703"}],"version-history":[{"count":10,"href":"https:\/\/fadenkind.ch\/index.php?rest_route=\/wp\/v2\/pages\/7703\/revisions"}],"predecessor-version":[{"id":8625,"href":"https:\/\/fadenkind.ch\/index.php?rest_route=\/wp\/v2\/pages\/7703\/revisions\/8625"}],"up":[{"embeddable":true,"href":"https:\/\/fadenkind.ch\/index.php?rest_route=\/wp\/v2\/pages\/8364"}],"wp:attachment":[{"href":"https:\/\/fadenkind.ch\/index.php?rest_route=%2Fwp%2Fv2%2Fmedia&parent=7703"}],"curies":[{"name":"wp","href":"https:\/\/api.w.org\/{rel}","templated":true}]}}