{"id":7719,"date":"2019-12-11T09:43:27","date_gmt":"2019-12-11T09:43:27","guid":{"rendered":"http:\/\/fadenkind.ch\/?page_id=7719"},"modified":"2023-12-29T07:33:16","modified_gmt":"2023-12-29T07:33:16","slug":"dies-und-das","status":"publish","type":"page","link":"https:\/\/fadenkind.ch\/?page_id=7719","title":{"rendered":"F\u00fcr unsere kleinen Stars von heute"},"content":{"rendered":"\n<p class=\"has-very-dark-gray-color has-text-color\">Gerne fasse ich ein paar Produkte auf einen Blick zusammen. Es freut mich nach wie vor auch immer noch f\u00fcr unsere kleinen Stars von heute diverse fadenkind-Produkte zu erstellen. Von Velot\u00e4schli, Produkte f\u00fcr den Tripptrapp, Deko und vieles mehr. Anbei ebenfalls einen Einblick zu diversen Produkten.<br \/><br \/>Solltest du einen Wunsch haben, dann melde dich einfach bei mir. Weitere Beispiele von Kundenauftr\u00e4gen findest du auf meiner Facebook-Seite <a href=\"http:\/\/www.facebook.com\/fadenkind\">www.facebook.com\/fadenkind<\/a>.<\/p>\n\n\n\n<div class=\"wp-block-columns is-layout-flex wp-container-core-columns-is-layout-9d6595d7 wp-block-columns-is-layout-flex\">\n<div class=\"wp-block-column is-layout-flow wp-block-column-is-layout-flow\">\n<figure class=\"wp-block-image size-large\"><a href=\"https:\/\/fadenkind.ch\/wp-content\/uploads\/2022\/04\/bettv.jpg\"><img loading=\"lazy\" decoding=\"async\" width=\"1024\" height=\"1024\" src=\"https:\/\/fadenkind.ch\/wp-content\/uploads\/2022\/04\/bettv-1024x1024.jpg\" alt=\"\" class=\"wp-image-8546\" srcset=\"https:\/\/fadenkind.ch\/wp-content\/uploads\/2022\/04\/bettv-1024x1024.jpg 1024w, https:\/\/fadenkind.ch\/wp-content\/uploads\/2022\/04\/bettv-300x300.jpg 300w, https:\/\/fadenkind.ch\/wp-content\/uploads\/2022\/04\/bettv-150x150.jpg 150w, https:\/\/fadenkind.ch\/wp-content\/uploads\/2022\/04\/bettv-768x768.jpg 768w, https:\/\/fadenkind.ch\/wp-content\/uploads\/2022\/04\/bettv.jpg 1440w\" sizes=\"auto, (max-width: 1024px) 100vw, 1024px\" \/><\/a><figcaption class=\"wp-element-caption\"><strong>Bettvorhang<\/strong>, Preis auf Anfrage, biete ich nicht mehr an<\/figcaption><\/figure>\n<\/div>\n\n\n\n<div class=\"wp-block-column is-layout-flow wp-block-column-is-layout-flow\">\n<figure class=\"wp-block-image size-large\"><a href=\"https:\/\/fadenkind.ch\/wp-content\/uploads\/2022\/04\/bettu.jpg\"><img loading=\"lazy\" decoding=\"async\" width=\"1024\" height=\"1024\" src=\"https:\/\/fadenkind.ch\/wp-content\/uploads\/2022\/04\/bettu-1024x1024.jpg\" alt=\"\" class=\"wp-image-8547\" srcset=\"https:\/\/fadenkind.ch\/wp-content\/uploads\/2022\/04\/bettu-1024x1024.jpg 1024w, https:\/\/fadenkind.ch\/wp-content\/uploads\/2022\/04\/bettu-300x300.jpg 300w, https:\/\/fadenkind.ch\/wp-content\/uploads\/2022\/04\/bettu-150x150.jpg 150w, https:\/\/fadenkind.ch\/wp-content\/uploads\/2022\/04\/bettu-768x768.jpg 768w, https:\/\/fadenkind.ch\/wp-content\/uploads\/2022\/04\/bettu.jpg 1440w\" sizes=\"auto, (max-width: 1024px) 100vw, 1024px\" \/><\/a><figcaption class=\"wp-element-caption\">Bettutensilo, Chf 34.80<\/figcaption><\/figure>\n<\/div>\n\n\n\n<div class=\"wp-block-column is-layout-flow wp-block-column-is-layout-flow\">\n<figure class=\"wp-block-image size-large\"><a href=\"https:\/\/fadenkind.ch\/wp-content\/uploads\/2022\/04\/bettschlange-1024x1024-1.jpg\"><img loading=\"lazy\" decoding=\"async\" width=\"1024\" height=\"1024\" src=\"https:\/\/fadenkind.ch\/wp-content\/uploads\/2022\/04\/bettschlange-1024x1024-1-1024x1024.jpg\" alt=\"\" class=\"wp-image-8548\" srcset=\"https:\/\/fadenkind.ch\/wp-content\/uploads\/2022\/04\/bettschlange-1024x1024-1.jpg 1024w, https:\/\/fadenkind.ch\/wp-content\/uploads\/2022\/04\/bettschlange-1024x1024-1-300x300.jpg 300w, https:\/\/fadenkind.ch\/wp-content\/uploads\/2022\/04\/bettschlange-1024x1024-1-150x150.jpg 150w, https:\/\/fadenkind.ch\/wp-content\/uploads\/2022\/04\/bettschlange-1024x1024-1-768x768.jpg 768w\" sizes=\"auto, (max-width: 1024px) 100vw, 1024px\" \/><\/a><figcaption class=\"wp-element-caption\">Bettschlange ab Chf 49.80, biete ich nicht mehr an<\/figcaption><\/figure>\n<\/div>\n<\/div>\n\n\n\n<div class=\"wp-block-columns is-layout-flex wp-container-core-columns-is-layout-9d6595d7 wp-block-columns-is-layout-flex\">\n<div class=\"wp-block-column is-layout-flow wp-block-column-is-layout-flow\">\n<figure class=\"wp-block-image size-full\"><a href=\"https:\/\/fadenkind.ch\/wp-content\/uploads\/2022\/04\/sitzkissen-rund-1.jpg\"><img loading=\"lazy\" decoding=\"async\" width=\"957\" height=\"960\" src=\"https:\/\/fadenkind.ch\/wp-content\/uploads\/2022\/04\/sitzkissen-rund-1.jpg\" alt=\"\" class=\"wp-image-8549\" srcset=\"https:\/\/fadenkind.ch\/wp-content\/uploads\/2022\/04\/sitzkissen-rund-1.jpg 957w, https:\/\/fadenkind.ch\/wp-content\/uploads\/2022\/04\/sitzkissen-rund-1-300x300.jpg 300w, https:\/\/fadenkind.ch\/wp-content\/uploads\/2022\/04\/sitzkissen-rund-1-150x150.jpg 150w, https:\/\/fadenkind.ch\/wp-content\/uploads\/2022\/04\/sitzkissen-rund-1-768x770.jpg 768w\" sizes=\"auto, (max-width: 957px) 100vw, 957px\" \/><\/a><figcaption class=\"wp-element-caption\">Sitzkissen rund in zwei Gr\u00f6ssen,<br \/>ab Chf 69.80, biete ich nicht mehr an<\/figcaption><\/figure>\n<\/div>\n\n\n\n<div class=\"wp-block-column is-layout-flow wp-block-column-is-layout-flow\">\n<figure class=\"wp-block-image size-full\"><a href=\"https:\/\/fadenkind.ch\/wp-content\/uploads\/2022\/04\/ttt-1.jpg\"><img loading=\"lazy\" decoding=\"async\" width=\"960\" height=\"960\" src=\"https:\/\/fadenkind.ch\/wp-content\/uploads\/2022\/04\/ttt-1.jpg\" alt=\"\" class=\"wp-image-8550\" srcset=\"https:\/\/fadenkind.ch\/wp-content\/uploads\/2022\/04\/ttt-1.jpg 960w, https:\/\/fadenkind.ch\/wp-content\/uploads\/2022\/04\/ttt-1-300x300.jpg 300w, https:\/\/fadenkind.ch\/wp-content\/uploads\/2022\/04\/ttt-1-150x150.jpg 150w, https:\/\/fadenkind.ch\/wp-content\/uploads\/2022\/04\/ttt-1-768x768.jpg 768w\" sizes=\"auto, (max-width: 960px) 100vw, 960px\" \/><\/a><figcaption class=\"wp-element-caption\">Tripptrapp-Produkte (Tripptrapp-Kissen, Chf 34.80, R\u00fcckenlehne Chf 24.80), biete ich nicht mehr an<\/figcaption><\/figure>\n<\/div>\n\n\n\n<div class=\"wp-block-column is-layout-flow wp-block-column-is-layout-flow\">\n<figure class=\"wp-block-image size-large is-resized\"><a href=\"https:\/\/fadenkind.ch\/wp-content\/uploads\/2022\/04\/ttt2-1024x1024-1.jpg\"><img loading=\"lazy\" decoding=\"async\" width=\"1024\" height=\"1024\" src=\"https:\/\/fadenkind.ch\/wp-content\/uploads\/2022\/04\/ttt2-1024x1024-1-1024x1024.jpg\" alt=\"\" class=\"wp-image-8551\" srcset=\"https:\/\/fadenkind.ch\/wp-content\/uploads\/2022\/04\/ttt2-1024x1024-1.jpg 1024w, https:\/\/fadenkind.ch\/wp-content\/uploads\/2022\/04\/ttt2-1024x1024-1-300x300.jpg 300w, https:\/\/fadenkind.ch\/wp-content\/uploads\/2022\/04\/ttt2-1024x1024-1-150x150.jpg 150w, https:\/\/fadenkind.ch\/wp-content\/uploads\/2022\/04\/ttt2-1024x1024-1-768x768.jpg 768w\" sizes=\"auto, (max-width: 1024px) 100vw, 1024px\" \/><\/a><figcaption class=\"wp-element-caption\">Tripptrapp-Tasche, Chf 29.80<\/figcaption><\/figure>\n<\/div>\n<\/div>\n\n\n\n<div class=\"wp-block-columns is-layout-flex wp-container-core-columns-is-layout-9d6595d7 wp-block-columns-is-layout-flex\">\n<div class=\"wp-block-column is-layout-flow wp-block-column-is-layout-flow\"><\/div>\n\n\n\n<div class=\"wp-block-column is-layout-flow wp-block-column-is-layout-flow\">\n<figure class=\"wp-block-image size-large\"><a href=\"https:\/\/fadenkind.ch\/wp-content\/uploads\/2022\/04\/schul.jpg\"><img loading=\"lazy\" decoding=\"async\" width=\"1024\" height=\"1024\" src=\"https:\/\/fadenkind.ch\/wp-content\/uploads\/2022\/04\/schul-1024x1024.jpg\" alt=\"\" class=\"wp-image-8552\" srcset=\"https:\/\/fadenkind.ch\/wp-content\/uploads\/2022\/04\/schul-1024x1024.jpg 1024w, https:\/\/fadenkind.ch\/wp-content\/uploads\/2022\/04\/schul-300x300.jpg 300w, https:\/\/fadenkind.ch\/wp-content\/uploads\/2022\/04\/schul-150x150.jpg 150w, https:\/\/fadenkind.ch\/wp-content\/uploads\/2022\/04\/schul-768x768.jpg 768w, https:\/\/fadenkind.ch\/wp-content\/uploads\/2022\/04\/schul.jpg 1440w\" sizes=\"auto, (max-width: 1024px) 100vw, 1024px\" \/><\/a><figcaption class=\"wp-element-caption\">Schult\u00fcte in zwei Gr\u00f6ssen, Preis auf Anfrage, biete ich nicht mehr an<\/figcaption><\/figure>\n<\/div>\n\n\n\n<div class=\"wp-block-column is-layout-flow wp-block-column-is-layout-flow\">\n<figure class=\"wp-block-image size-large\"><a href=\"https:\/\/fadenkind.ch\/wp-content\/uploads\/2022\/04\/turn.jpg\"><img loading=\"lazy\" decoding=\"async\" width=\"1024\" height=\"1024\" src=\"https:\/\/fadenkind.ch\/wp-content\/uploads\/2022\/04\/turn-1024x1024.jpg\" alt=\"\" class=\"wp-image-8553\" srcset=\"https:\/\/fadenkind.ch\/wp-content\/uploads\/2022\/04\/turn-1024x1024.jpg 1024w, https:\/\/fadenkind.ch\/wp-content\/uploads\/2022\/04\/turn-300x300.jpg 300w, https:\/\/fadenkind.ch\/wp-content\/uploads\/2022\/04\/turn-150x150.jpg 150w, https:\/\/fadenkind.ch\/wp-content\/uploads\/2022\/04\/turn-768x768.jpg 768w, https:\/\/fadenkind.ch\/wp-content\/uploads\/2022\/04\/turn.jpg 1440w\" sizes=\"auto, (max-width: 1024px) 100vw, 1024px\" \/><\/a><figcaption class=\"wp-element-caption\">Turnbeutel ab Chf 39.80<\/figcaption><\/figure>\n<\/div>\n<\/div>\n\n\n\n<div class=\"wp-block-columns is-layout-flex wp-container-core-columns-is-layout-9d6595d7 wp-block-columns-is-layout-flex\">\n<div class=\"wp-block-column is-layout-flow wp-block-column-is-layout-flow\">\n<figure class=\"wp-block-image size-full\"><a href=\"https:\/\/fadenkind.ch\/wp-content\/uploads\/2022\/04\/sack.jpg\"><img loading=\"lazy\" decoding=\"async\" width=\"960\" height=\"960\" src=\"https:\/\/fadenkind.ch\/wp-content\/uploads\/2022\/04\/sack.jpg\" alt=\"\" class=\"wp-image-8554\" srcset=\"https:\/\/fadenkind.ch\/wp-content\/uploads\/2022\/04\/sack.jpg 960w, https:\/\/fadenkind.ch\/wp-content\/uploads\/2022\/04\/sack-300x300.jpg 300w, https:\/\/fadenkind.ch\/wp-content\/uploads\/2022\/04\/sack-150x150.jpg 150w, https:\/\/fadenkind.ch\/wp-content\/uploads\/2022\/04\/sack-768x768.jpg 768w\" sizes=\"auto, (max-width: 960px) 100vw, 960px\" \/><\/a><figcaption class=\"wp-element-caption\">Beutel f\u00fcr Allerlei, ab Chf 19.80<\/figcaption><\/figure>\n<\/div>\n\n\n\n<div class=\"wp-block-column is-layout-flow wp-block-column-is-layout-flow\"><\/div>\n\n\n\n<div class=\"wp-block-column is-layout-flow wp-block-column-is-layout-flow\">\n<figure class=\"wp-block-image size-large\"><a href=\"https:\/\/fadenkind.ch\/wp-content\/uploads\/2022\/04\/sos-1024x1024-1.jpg\"><img loading=\"lazy\" decoding=\"async\" width=\"1024\" height=\"1024\" src=\"https:\/\/fadenkind.ch\/wp-content\/uploads\/2022\/04\/sos-1024x1024-1-1024x1024.jpg\" alt=\"\" class=\"wp-image-8556\" srcset=\"https:\/\/fadenkind.ch\/wp-content\/uploads\/2022\/04\/sos-1024x1024-1.jpg 1024w, https:\/\/fadenkind.ch\/wp-content\/uploads\/2022\/04\/sos-1024x1024-1-300x300.jpg 300w, https:\/\/fadenkind.ch\/wp-content\/uploads\/2022\/04\/sos-1024x1024-1-150x150.jpg 150w, https:\/\/fadenkind.ch\/wp-content\/uploads\/2022\/04\/sos-1024x1024-1-768x768.jpg 768w\" sizes=\"auto, (max-width: 1024px) 100vw, 1024px\" \/><\/a><figcaption class=\"wp-element-caption\">SOS-Kinderarmband, Chf 14.80<\/figcaption><\/figure>\n<\/div>\n<\/div>\n\n\n\n<div class=\"wp-block-columns is-layout-flex wp-container-core-columns-is-layout-9d6595d7 wp-block-columns-is-layout-flex\">\n<div class=\"wp-block-column is-layout-flow wp-block-column-is-layout-flow\">\n<figure class=\"wp-block-image size-large\"><a href=\"https:\/\/fadenkind.ch\/wp-content\/uploads\/2022\/04\/ges..jpg\"><img loading=\"lazy\" decoding=\"async\" width=\"1024\" height=\"1024\" src=\"https:\/\/fadenkind.ch\/wp-content\/uploads\/2022\/04\/ges.-1024x1024.jpg\" alt=\"\" class=\"wp-image-8557\" srcset=\"https:\/\/fadenkind.ch\/wp-content\/uploads\/2022\/04\/ges.-1024x1024.jpg 1024w, https:\/\/fadenkind.ch\/wp-content\/uploads\/2022\/04\/ges.-300x300.jpg 300w, https:\/\/fadenkind.ch\/wp-content\/uploads\/2022\/04\/ges.-150x150.jpg 150w, https:\/\/fadenkind.ch\/wp-content\/uploads\/2022\/04\/ges.-768x768.jpg 768w, https:\/\/fadenkind.ch\/wp-content\/uploads\/2022\/04\/ges.-1536x1536.jpg 1536w, https:\/\/fadenkind.ch\/wp-content\/uploads\/2022\/04\/ges..jpg 2048w\" sizes=\"auto, (max-width: 1024px) 100vw, 1024px\" \/><\/a><figcaption class=\"wp-element-caption\">Gesundheitsheft-H\u00fclle ab Chf 26.80<\/figcaption><\/figure>\n<\/div>\n\n\n\n<div class=\"wp-block-column is-layout-flow wp-block-column-is-layout-flow\">\n<figure class=\"wp-block-image size-full\"><a href=\"https:\/\/fadenkind.ch\/wp-content\/uploads\/2022\/04\/ges.2.jpg\"><img loading=\"lazy\" decoding=\"async\" width=\"960\" height=\"960\" src=\"https:\/\/fadenkind.ch\/wp-content\/uploads\/2022\/04\/ges.2.jpg\" alt=\"\" class=\"wp-image-8558\" srcset=\"https:\/\/fadenkind.ch\/wp-content\/uploads\/2022\/04\/ges.2.jpg 960w, https:\/\/fadenkind.ch\/wp-content\/uploads\/2022\/04\/ges.2-300x300.jpg 300w, https:\/\/fadenkind.ch\/wp-content\/uploads\/2022\/04\/ges.2-150x150.jpg 150w, https:\/\/fadenkind.ch\/wp-content\/uploads\/2022\/04\/ges.2-768x768.jpg 768w\" sizes=\"auto, (max-width: 960px) 100vw, 960px\" \/><\/a><figcaption class=\"wp-element-caption\">Gesundheitsheft-H\u00fclle ab Chf 26.80<\/figcaption><\/figure>\n<\/div>\n\n\n\n<div class=\"wp-block-column is-layout-flow wp-block-column-is-layout-flow\">\n<figure class=\"wp-block-image size-large\"><a href=\"https:\/\/fadenkind.ch\/wp-content\/uploads\/2022\/04\/ges.3.jpg\"><img loading=\"lazy\" decoding=\"async\" width=\"1024\" height=\"1024\" src=\"https:\/\/fadenkind.ch\/wp-content\/uploads\/2022\/04\/ges.3-1024x1024.jpg\" alt=\"\" class=\"wp-image-8559\" srcset=\"https:\/\/fadenkind.ch\/wp-content\/uploads\/2022\/04\/ges.3-1024x1024.jpg 1024w, https:\/\/fadenkind.ch\/wp-content\/uploads\/2022\/04\/ges.3-300x300.jpg 300w, https:\/\/fadenkind.ch\/wp-content\/uploads\/2022\/04\/ges.3-150x150.jpg 150w, https:\/\/fadenkind.ch\/wp-content\/uploads\/2022\/04\/ges.3-768x768.jpg 768w, https:\/\/fadenkind.ch\/wp-content\/uploads\/2022\/04\/ges.3-1536x1536.jpg 1536w, https:\/\/fadenkind.ch\/wp-content\/uploads\/2022\/04\/ges.3.jpg 2048w\" sizes=\"auto, (max-width: 1024px) 100vw, 1024px\" \/><\/a><figcaption class=\"wp-element-caption\">Gesundheitsheft-H\u00fclle XXL ab Chf 34.80<\/figcaption><\/figure>\n<\/div>\n<\/div>\n\n\n\n<div class=\"wp-block-columns is-layout-flex wp-container-core-columns-is-layout-9d6595d7 wp-block-columns-is-layout-flex\">\n<div class=\"wp-block-column is-layout-flow wp-block-column-is-layout-flow\">\n<figure class=\"wp-block-image size-full\"><a href=\"https:\/\/fadenkind.ch\/wp-content\/uploads\/2022\/04\/zahn-2.jpg\"><img loading=\"lazy\" decoding=\"async\" width=\"960\" height=\"960\" src=\"https:\/\/fadenkind.ch\/wp-content\/uploads\/2022\/04\/zahn-2.jpg\" alt=\"\" class=\"wp-image-8560\" srcset=\"https:\/\/fadenkind.ch\/wp-content\/uploads\/2022\/04\/zahn-2.jpg 960w, https:\/\/fadenkind.ch\/wp-content\/uploads\/2022\/04\/zahn-2-300x300.jpg 300w, https:\/\/fadenkind.ch\/wp-content\/uploads\/2022\/04\/zahn-2-150x150.jpg 150w, https:\/\/fadenkind.ch\/wp-content\/uploads\/2022\/04\/zahn-2-768x768.jpg 768w\" sizes=\"auto, (max-width: 960px) 100vw, 960px\" \/><\/a><figcaption class=\"wp-element-caption\">Zahnb\u00fcrstenh\u00fclle einfach, Chf 11.80<\/figcaption><\/figure>\n<\/div>\n\n\n\n<div class=\"wp-block-column is-layout-flow wp-block-column-is-layout-flow\">\n<figure class=\"wp-block-image size-large\"><a href=\"https:\/\/fadenkind.ch\/wp-content\/uploads\/2022\/04\/lavendel-2.jpg\"><img loading=\"lazy\" decoding=\"async\" width=\"1024\" height=\"1024\" src=\"https:\/\/fadenkind.ch\/wp-content\/uploads\/2022\/04\/lavendel-2-1024x1024.jpg\" alt=\"\" class=\"wp-image-8561\" srcset=\"https:\/\/fadenkind.ch\/wp-content\/uploads\/2022\/04\/lavendel-2-1024x1024.jpg 1024w, https:\/\/fadenkind.ch\/wp-content\/uploads\/2022\/04\/lavendel-2-300x300.jpg 300w, https:\/\/fadenkind.ch\/wp-content\/uploads\/2022\/04\/lavendel-2-150x150.jpg 150w, https:\/\/fadenkind.ch\/wp-content\/uploads\/2022\/04\/lavendel-2-768x768.jpg 768w, https:\/\/fadenkind.ch\/wp-content\/uploads\/2022\/04\/lavendel-2.jpg 1440w\" sizes=\"auto, (max-width: 1024px) 100vw, 1024px\" \/><\/a><figcaption class=\"wp-element-caption\">Lavendelis\u00e4ckli f\u00fcr einen guten Schlaf,<br \/>Chf 7.80<\/figcaption><\/figure>\n<\/div>\n\n\n\n<div class=\"wp-block-column is-layout-flow wp-block-column-is-layout-flow\">\n<figure class=\"wp-block-image size-full\"><a href=\"https:\/\/fadenkind.ch\/wp-content\/uploads\/2022\/04\/album-1-1.jpg\"><img loading=\"lazy\" decoding=\"async\" width=\"960\" height=\"960\" src=\"https:\/\/fadenkind.ch\/wp-content\/uploads\/2022\/04\/album-1-1.jpg\" alt=\"\" class=\"wp-image-8562\" srcset=\"https:\/\/fadenkind.ch\/wp-content\/uploads\/2022\/04\/album-1-1.jpg 960w, https:\/\/fadenkind.ch\/wp-content\/uploads\/2022\/04\/album-1-1-300x300.jpg 300w, https:\/\/fadenkind.ch\/wp-content\/uploads\/2022\/04\/album-1-1-150x150.jpg 150w, https:\/\/fadenkind.ch\/wp-content\/uploads\/2022\/04\/album-1-1-768x768.jpg 768w\" sizes=\"auto, (max-width: 960px) 100vw, 960px\" \/><\/a><figcaption class=\"wp-element-caption\">Fotoalbum, Platz f\u00fcr 10 Fotos ab Chf 59.80, biete ich nicht mehr an<\/figcaption><\/figure>\n<\/div>\n<\/div>\n\n\n\n<div class=\"wp-block-columns is-layout-flex wp-container-core-columns-is-layout-9d6595d7 wp-block-columns-is-layout-flex\">\n<div class=\"wp-block-column is-layout-flow wp-block-column-is-layout-flow\">\n<figure class=\"wp-block-image size-large\"><a href=\"https:\/\/fadenkind.ch\/wp-content\/uploads\/2022\/04\/fliege.jpg\"><img loading=\"lazy\" decoding=\"async\" width=\"1024\" height=\"1024\" src=\"https:\/\/fadenkind.ch\/wp-content\/uploads\/2022\/04\/fliege-1024x1024.jpg\" alt=\"\" class=\"wp-image-8563\" srcset=\"https:\/\/fadenkind.ch\/wp-content\/uploads\/2022\/04\/fliege-1024x1024.jpg 1024w, https:\/\/fadenkind.ch\/wp-content\/uploads\/2022\/04\/fliege-300x300.jpg 300w, https:\/\/fadenkind.ch\/wp-content\/uploads\/2022\/04\/fliege-150x150.jpg 150w, https:\/\/fadenkind.ch\/wp-content\/uploads\/2022\/04\/fliege-768x768.jpg 768w, https:\/\/fadenkind.ch\/wp-content\/uploads\/2022\/04\/fliege.jpg 1440w\" sizes=\"auto, (max-width: 1024px) 100vw, 1024px\" \/><\/a><figcaption class=\"wp-element-caption\">Kinderfliege, Chf 19.80<\/figcaption><\/figure>\n<\/div>\n\n\n\n<div class=\"wp-block-column is-layout-flow wp-block-column-is-layout-flow\">\n<figure class=\"wp-block-image size-full\"><a href=\"https:\/\/fadenkind.ch\/wp-content\/uploads\/2022\/04\/kiki-1.jpg\"><img loading=\"lazy\" decoding=\"async\" width=\"960\" height=\"960\" src=\"https:\/\/fadenkind.ch\/wp-content\/uploads\/2022\/04\/kiki-1.jpg\" alt=\"\" class=\"wp-image-8564\" srcset=\"https:\/\/fadenkind.ch\/wp-content\/uploads\/2022\/04\/kiki-1.jpg 960w, https:\/\/fadenkind.ch\/wp-content\/uploads\/2022\/04\/kiki-1-300x300.jpg 300w, https:\/\/fadenkind.ch\/wp-content\/uploads\/2022\/04\/kiki-1-150x150.jpg 150w, https:\/\/fadenkind.ch\/wp-content\/uploads\/2022\/04\/kiki-1-768x768.jpg 768w\" sizes=\"auto, (max-width: 960px) 100vw, 960px\" \/><\/a><figcaption class=\"wp-element-caption\">Velo-\/Kiki-T\u00e4schli, Chf 29.80<\/figcaption><\/figure>\n<\/div>\n\n\n\n<div class=\"wp-block-column is-layout-flow wp-block-column-is-layout-flow\">\n<figure class=\"wp-block-image size-large\"><a href=\"https:\/\/fadenkind.ch\/wp-content\/uploads\/2022\/04\/bilder-1024x1024-1.jpg\"><img loading=\"lazy\" decoding=\"async\" width=\"1024\" height=\"1024\" src=\"https:\/\/fadenkind.ch\/wp-content\/uploads\/2022\/04\/bilder-1024x1024-1-1024x1024.jpg\" alt=\"\" class=\"wp-image-8565\" srcset=\"https:\/\/fadenkind.ch\/wp-content\/uploads\/2022\/04\/bilder-1024x1024-1.jpg 1024w, https:\/\/fadenkind.ch\/wp-content\/uploads\/2022\/04\/bilder-1024x1024-1-300x300.jpg 300w, https:\/\/fadenkind.ch\/wp-content\/uploads\/2022\/04\/bilder-1024x1024-1-150x150.jpg 150w, https:\/\/fadenkind.ch\/wp-content\/uploads\/2022\/04\/bilder-1024x1024-1-768x768.jpg 768w\" sizes=\"auto, (max-width: 1024px) 100vw, 1024px\" \/><\/a><figcaption class=\"wp-element-caption\">Dekobilder, Chf 17.80<\/figcaption><\/figure>\n<\/div>\n<\/div>\n","protected":false},"excerpt":{"rendered":"<p>Gerne fasse ich ein paar Produkte auf einen Blick zusammen. Es freut mich nach wie vor auch immer noch f\u00fcr unsere kleinen Stars von heute diverse fadenkind-Produkte zu erstellen. Von Velot\u00e4schli, Produkte f\u00fcr den Tripptrapp, Deko und vieles mehr. Anbei ebenfalls einen Einblick zu diversen Produkten. Solltest du einen Wunsch haben, dann melde dich einfach [&hellip;]<\/p>\n","protected":false},"author":2,"featured_media":0,"parent":8366,"menu_order":4,"comment_status":"closed","ping_status":"closed","template":"","meta":{"footnotes":""},"class_list":["post-7719","page","type-page","status-publish","hentry"],"_links":{"self":[{"href":"https:\/\/fadenkind.ch\/index.php?rest_route=\/wp\/v2\/pages\/7719","targetHints":{"allow":["GET"]}}],"collection":[{"href":"https:\/\/fadenkind.ch\/index.php?rest_route=\/wp\/v2\/pages"}],"about":[{"href":"https:\/\/fadenkind.ch\/index.php?rest_route=\/wp\/v2\/types\/page"}],"author":[{"embeddable":true,"href":"https:\/\/fadenkind.ch\/index.php?rest_route=\/wp\/v2\/users\/2"}],"replies":[{"embeddable":true,"href":"https:\/\/fadenkind.ch\/index.php?rest_route=%2Fwp%2Fv2%2Fcomments&post=7719"}],"version-history":[{"count":16,"href":"https:\/\/fadenkind.ch\/index.php?rest_route=\/wp\/v2\/pages\/7719\/revisions"}],"predecessor-version":[{"id":8635,"href":"https:\/\/fadenkind.ch\/index.php?rest_route=\/wp\/v2\/pages\/7719\/revisions\/8635"}],"up":[{"embeddable":true,"href":"https:\/\/fadenkind.ch\/index.php?rest_route=\/wp\/v2\/pages\/8366"}],"wp:attachment":[{"href":"https:\/\/fadenkind.ch\/index.php?rest_route=%2Fwp%2Fv2%2Fmedia&parent=7719"}],"curies":[{"name":"wp","href":"https:\/\/api.w.org\/{rel}","templated":true}]}}