{"id":8110,"date":"2020-06-21T04:34:59","date_gmt":"2020-06-21T04:34:59","guid":{"rendered":"http:\/\/fadenkind.ch\/?page_id=8110"},"modified":"2022-04-06T07:20:03","modified_gmt":"2022-04-06T07:20:03","slug":"gefrier-und-kuehlschrankbeutel","status":"publish","type":"page","link":"https:\/\/fadenkind.ch\/?page_id=8110","title":{"rendered":"Gefrier- und K\u00fchlschrankbeutel"},"content":{"rendered":"\n<p>fadenkind f\u00fchrte im Jahr 2021 dieses neue Produkt ein, welches von acht unabh\u00e4ngigen Testerinnen auf Herz und Nieren gepr\u00fcft wurde. Der Gefrier- und K\u00fchlschrankbeutel, welcher aus einem lebensmittelechten Stoff hergestellt wird kann f\u00fcr Allerlei an verschiedenen Produkten verwendet werden wie beispielsweise:<br \/>&#8211; Fleischwaren (Chiggen Nuggets, Rindsfilet, Bratw\u00fcrste, Pl\u00e4tzli u.a.)<br \/>&#8211; Kr\u00e4uter und Gem\u00fcse<br \/>&#8211; Teige aller Art (Brot, Pizza, Bl\u00e4tterteig)<br \/>&#8211; Kuchen, Ch\u00e4sch\u00fcechli, Pommes Frites u.a.<\/p>\n\n\n\n<p>Er eignet sich auch um beispielsweise Kartoffeln im K\u00fchlschrank aufzubewahren.<br \/><br \/>Der Beutel ist in vier Massen erh\u00e4ltlich und kann bei 40 Grad gewaschen werden.<br \/>&#8211; ca. 12&#215;18 cm, Chf 6.60<br \/>&#8211; ca. 18&#215;25 cm, Chf 9.40<br \/>&#8211; ca. 24&#215;30 cm, Chf 11.80<br \/>&#8211; ca. 30&#215;37 cm, Chf 15.30<br \/><\/p>\n\n\n\n<div class=\"wp-block-columns is-layout-flex wp-container-core-columns-is-layout-9d6595d7 wp-block-columns-is-layout-flex\">\n<div class=\"wp-block-column is-layout-flow wp-block-column-is-layout-flow\" style=\"flex-basis:33.34%\">\n<figure class=\"wp-block-image size-large\"><a href=\"https:\/\/fadenkind.ch\/wp-content\/uploads\/2022\/04\/242872087_3725615767540797_7320961000015411554_n-1-1024x1024-4.jpg\"><img loading=\"lazy\" decoding=\"async\" width=\"1024\" height=\"1024\" src=\"https:\/\/fadenkind.ch\/wp-content\/uploads\/2022\/04\/242872087_3725615767540797_7320961000015411554_n-1-1024x1024-4-1024x1024.jpg\" alt=\"\" class=\"wp-image-8343\" srcset=\"https:\/\/fadenkind.ch\/wp-content\/uploads\/2022\/04\/242872087_3725615767540797_7320961000015411554_n-1-1024x1024-4.jpg 1024w, https:\/\/fadenkind.ch\/wp-content\/uploads\/2022\/04\/242872087_3725615767540797_7320961000015411554_n-1-1024x1024-4-300x300.jpg 300w, https:\/\/fadenkind.ch\/wp-content\/uploads\/2022\/04\/242872087_3725615767540797_7320961000015411554_n-1-1024x1024-4-150x150.jpg 150w, https:\/\/fadenkind.ch\/wp-content\/uploads\/2022\/04\/242872087_3725615767540797_7320961000015411554_n-1-1024x1024-4-768x768.jpg 768w\" sizes=\"auto, (max-width: 1024px) 100vw, 1024px\" \/><\/a><\/figure>\n<\/div>\n\n\n\n<div class=\"wp-block-column is-layout-flow wp-block-column-is-layout-flow\" style=\"flex-basis:33.34%\">\n<figure class=\"wp-block-image size-full\"><a href=\"https:\/\/fadenkind.ch\/wp-content\/uploads\/2022\/04\/249366623_3827313947370978_4269354767904454222_n-1-5.jpg\"><img loading=\"lazy\" decoding=\"async\" width=\"960\" height=\"960\" src=\"https:\/\/fadenkind.ch\/wp-content\/uploads\/2022\/04\/249366623_3827313947370978_4269354767904454222_n-1-5.jpg\" alt=\"\" class=\"wp-image-8345\" srcset=\"https:\/\/fadenkind.ch\/wp-content\/uploads\/2022\/04\/249366623_3827313947370978_4269354767904454222_n-1-5.jpg 960w, https:\/\/fadenkind.ch\/wp-content\/uploads\/2022\/04\/249366623_3827313947370978_4269354767904454222_n-1-5-300x300.jpg 300w, https:\/\/fadenkind.ch\/wp-content\/uploads\/2022\/04\/249366623_3827313947370978_4269354767904454222_n-1-5-150x150.jpg 150w, https:\/\/fadenkind.ch\/wp-content\/uploads\/2022\/04\/249366623_3827313947370978_4269354767904454222_n-1-5-768x768.jpg 768w\" sizes=\"auto, (max-width: 960px) 100vw, 960px\" \/><\/a><\/figure>\n<\/div>\n\n\n\n<div class=\"wp-block-column is-layout-flow wp-block-column-is-layout-flow\" style=\"flex-basis:33.33%\">\n<figure class=\"wp-block-image size-large\"><a href=\"https:\/\/fadenkind.ch\/wp-content\/uploads\/2022\/04\/272032342_4102046573231046_7068988504593023639_n-1-1024x1024-5.jpg\"><img loading=\"lazy\" decoding=\"async\" width=\"1024\" height=\"1024\" src=\"https:\/\/fadenkind.ch\/wp-content\/uploads\/2022\/04\/272032342_4102046573231046_7068988504593023639_n-1-1024x1024-5-1024x1024.jpg\" alt=\"\" class=\"wp-image-8346\" srcset=\"https:\/\/fadenkind.ch\/wp-content\/uploads\/2022\/04\/272032342_4102046573231046_7068988504593023639_n-1-1024x1024-5.jpg 1024w, https:\/\/fadenkind.ch\/wp-content\/uploads\/2022\/04\/272032342_4102046573231046_7068988504593023639_n-1-1024x1024-5-300x300.jpg 300w, https:\/\/fadenkind.ch\/wp-content\/uploads\/2022\/04\/272032342_4102046573231046_7068988504593023639_n-1-1024x1024-5-150x150.jpg 150w, https:\/\/fadenkind.ch\/wp-content\/uploads\/2022\/04\/272032342_4102046573231046_7068988504593023639_n-1-1024x1024-5-768x768.jpg 768w\" sizes=\"auto, (max-width: 1024px) 100vw, 1024px\" \/><\/a><\/figure>\n<\/div>\n<\/div>\n\n\n\n<p><\/p>\n","protected":false},"excerpt":{"rendered":"<p>fadenkind f\u00fchrte im Jahr 2021 dieses neue Produkt ein, welches von acht unabh\u00e4ngigen Testerinnen auf Herz und Nieren gepr\u00fcft wurde. Der Gefrier- und K\u00fchlschrankbeutel, welcher aus einem lebensmittelechten Stoff hergestellt wird kann f\u00fcr Allerlei an verschiedenen Produkten verwendet werden wie beispielsweise:&#8211; Fleischwaren (Chiggen Nuggets, Rindsfilet, Bratw\u00fcrste, Pl\u00e4tzli u.a.)&#8211; Kr\u00e4uter und Gem\u00fcse&#8211; Teige aller Art (Brot, [&hellip;]<\/p>\n","protected":false},"author":2,"featured_media":0,"parent":8364,"menu_order":4,"comment_status":"closed","ping_status":"closed","template":"","meta":{"footnotes":""},"class_list":["post-8110","page","type-page","status-publish","hentry"],"_links":{"self":[{"href":"https:\/\/fadenkind.ch\/index.php?rest_route=\/wp\/v2\/pages\/8110","targetHints":{"allow":["GET"]}}],"collection":[{"href":"https:\/\/fadenkind.ch\/index.php?rest_route=\/wp\/v2\/pages"}],"about":[{"href":"https:\/\/fadenkind.ch\/index.php?rest_route=\/wp\/v2\/types\/page"}],"author":[{"embeddable":true,"href":"https:\/\/fadenkind.ch\/index.php?rest_route=\/wp\/v2\/users\/2"}],"replies":[{"embeddable":true,"href":"https:\/\/fadenkind.ch\/index.php?rest_route=%2Fwp%2Fv2%2Fcomments&post=8110"}],"version-history":[{"count":5,"href":"https:\/\/fadenkind.ch\/index.php?rest_route=\/wp\/v2\/pages\/8110\/revisions"}],"predecessor-version":[{"id":8580,"href":"https:\/\/fadenkind.ch\/index.php?rest_route=\/wp\/v2\/pages\/8110\/revisions\/8580"}],"up":[{"embeddable":true,"href":"https:\/\/fadenkind.ch\/index.php?rest_route=\/wp\/v2\/pages\/8364"}],"wp:attachment":[{"href":"https:\/\/fadenkind.ch\/index.php?rest_route=%2Fwp%2Fv2%2Fmedia&parent=8110"}],"curies":[{"name":"wp","href":"https:\/\/api.w.org\/{rel}","templated":true}]}}