{"id":8364,"date":"2022-04-03T10:15:39","date_gmt":"2022-04-03T10:15:39","guid":{"rendered":"https:\/\/fadenkind.ch\/?page_id=8364"},"modified":"2022-04-03T10:41:52","modified_gmt":"2022-04-03T10:41:52","slug":"nachhaltigkeit","status":"publish","type":"page","link":"https:\/\/fadenkind.ch\/?page_id=8364","title":{"rendered":"Nachhaltigkeit"},"content":{"rendered":"\n<p>Aufgrund von vielen Nachfragen, ob fadenkind auch das eine oder andere an nachhaltigen Produkten erstellt, habe ich im Jahr 2019 zwei verschiedene Bienenwachsprodukte ins Leben gerufen (Bienenwachst\u00fccher und Bienenwachst\u00fcten). Ebenfalls auch vegan erh\u00e4ltlich (Sojawachs). Das Sotiment erweiterte sich stetig aus. Mittlerweile z\u00e4hle ich mehrere nachhaltige Produkte zu meinem Sortiment.<\/p>\n\n\n\n<p>Wichtig ist mir dabei, dass ich entsprechende Hygienevorschriften einhalte und mich an Schweizer Normen halte. Ich lade euch gerne ein, diese anzuschauen &#8211; f\u00fcr Fragen stehe ich euch gerne zur Verf\u00fcgung.<\/p>\n\n\n\n<p><\/p>\n","protected":false},"excerpt":{"rendered":"<p>Aufgrund von vielen Nachfragen, ob fadenkind auch das eine oder andere an nachhaltigen Produkten erstellt, habe ich im Jahr 2019 zwei verschiedene Bienenwachsprodukte ins Leben gerufen (Bienenwachst\u00fccher und Bienenwachst\u00fcten). Ebenfalls auch vegan erh\u00e4ltlich (Sojawachs). Das Sotiment erweiterte sich stetig aus. Mittlerweile z\u00e4hle ich mehrere nachhaltige Produkte zu meinem Sortiment. Wichtig ist mir dabei, dass ich [&hellip;]<\/p>\n","protected":false},"author":2,"featured_media":0,"parent":0,"menu_order":0,"comment_status":"closed","ping_status":"closed","template":"","meta":{"footnotes":""},"class_list":["post-8364","page","type-page","status-publish","hentry"],"_links":{"self":[{"href":"https:\/\/fadenkind.ch\/index.php?rest_route=\/wp\/v2\/pages\/8364","targetHints":{"allow":["GET"]}}],"collection":[{"href":"https:\/\/fadenkind.ch\/index.php?rest_route=\/wp\/v2\/pages"}],"about":[{"href":"https:\/\/fadenkind.ch\/index.php?rest_route=\/wp\/v2\/types\/page"}],"author":[{"embeddable":true,"href":"https:\/\/fadenkind.ch\/index.php?rest_route=\/wp\/v2\/users\/2"}],"replies":[{"embeddable":true,"href":"https:\/\/fadenkind.ch\/index.php?rest_route=%2Fwp%2Fv2%2Fcomments&post=8364"}],"version-history":[{"count":4,"href":"https:\/\/fadenkind.ch\/index.php?rest_route=\/wp\/v2\/pages\/8364\/revisions"}],"predecessor-version":[{"id":8385,"href":"https:\/\/fadenkind.ch\/index.php?rest_route=\/wp\/v2\/pages\/8364\/revisions\/8385"}],"wp:attachment":[{"href":"https:\/\/fadenkind.ch\/index.php?rest_route=%2Fwp%2Fv2%2Fmedia&parent=8364"}],"curies":[{"name":"wp","href":"https:\/\/api.w.org\/{rel}","templated":true}]}}