{"id":8425,"date":"2022-04-03T11:38:05","date_gmt":"2022-04-03T11:38:05","guid":{"rendered":"https:\/\/fadenkind.ch\/?page_id=8425"},"modified":"2024-01-29T08:56:48","modified_gmt":"2024-01-29T08:56:48","slug":"kleine-geschenksideen","status":"publish","type":"page","link":"https:\/\/fadenkind.ch\/?page_id=8425","title":{"rendered":"Kleine Geschenksideen"},"content":{"rendered":"\n<p>Mittlerweile steht nicht nur das N\u00e4hen im Zentrum, sondern auch andere kreative T\u00e4tigkeiten. Ebenfalls hat mittlerweile ein Plotter ein Pl\u00e4tzchen im Atelier von fadenkind gefunden.<\/p>\n\n\n\n<p>Alle verwendeten Motive und Schriften sind lizenziert. Anbei einen Ausschnitt von beplotteten Produkten ohne Preisbeschriftung (Preise auf Anfrage).<\/p>\n\n\n\n<div class=\"wp-block-columns is-layout-flex wp-container-core-columns-is-layout-9d6595d7 wp-block-columns-is-layout-flex\">\n<div class=\"wp-block-column is-layout-flow wp-block-column-is-layout-flow\">\n<figure class=\"wp-block-image size-full\"><a href=\"https:\/\/fadenkind.ch\/wp-content\/uploads\/2022\/04\/274316637_6268056288755_5441704738721102504_n.jpg\"><img loading=\"lazy\" decoding=\"async\" width=\"526\" height=\"526\" src=\"https:\/\/fadenkind.ch\/wp-content\/uploads\/2022\/04\/274316637_6268056288755_5441704738721102504_n.jpg\" alt=\"\" class=\"wp-image-8353\" srcset=\"https:\/\/fadenkind.ch\/wp-content\/uploads\/2022\/04\/274316637_6268056288755_5441704738721102504_n.jpg 526w, https:\/\/fadenkind.ch\/wp-content\/uploads\/2022\/04\/274316637_6268056288755_5441704738721102504_n-300x300.jpg 300w, https:\/\/fadenkind.ch\/wp-content\/uploads\/2022\/04\/274316637_6268056288755_5441704738721102504_n-150x150.jpg 150w\" sizes=\"auto, (max-width: 526px) 100vw, 526px\" \/><\/a><figcaption>Geschenksd\u00f6sli &#8211; individuell ab Chf 7.80<\/figcaption><\/figure>\n<\/div>\n\n\n\n<div class=\"wp-block-column is-layout-flow wp-block-column-is-layout-flow\">\n<figure class=\"wp-block-image size-large\"><a href=\"https:\/\/fadenkind.ch\/wp-content\/uploads\/2022\/04\/274794953_4217833164985719_6553203905753702027_n.jpg\"><img loading=\"lazy\" decoding=\"async\" width=\"1024\" height=\"768\" src=\"https:\/\/fadenkind.ch\/wp-content\/uploads\/2022\/04\/274794953_4217833164985719_6553203905753702027_n-1024x768.jpg\" alt=\"\" class=\"wp-image-8354\" srcset=\"https:\/\/fadenkind.ch\/wp-content\/uploads\/2022\/04\/274794953_4217833164985719_6553203905753702027_n-1024x768.jpg 1024w, https:\/\/fadenkind.ch\/wp-content\/uploads\/2022\/04\/274794953_4217833164985719_6553203905753702027_n-300x225.jpg 300w, https:\/\/fadenkind.ch\/wp-content\/uploads\/2022\/04\/274794953_4217833164985719_6553203905753702027_n-768x576.jpg 768w, https:\/\/fadenkind.ch\/wp-content\/uploads\/2022\/04\/274794953_4217833164985719_6553203905753702027_n-1536x1152.jpg 1536w, https:\/\/fadenkind.ch\/wp-content\/uploads\/2022\/04\/274794953_4217833164985719_6553203905753702027_n.jpg 2016w\" sizes=\"auto, (max-width: 1024px) 100vw, 1024px\" \/><\/a><figcaption>Geschenksd\u00f6sli &#8211; Armketteli auf Wunsch, Chf 19.80<\/figcaption><\/figure>\n<\/div>\n\n\n\n<div class=\"wp-block-column is-layout-flow wp-block-column-is-layout-flow\">\n<figure class=\"wp-block-image size-large\"><a href=\"https:\/\/fadenkind.ch\/wp-content\/uploads\/2022\/04\/rubbellos-baby.jpg\"><img loading=\"lazy\" decoding=\"async\" width=\"1024\" height=\"1024\" src=\"https:\/\/fadenkind.ch\/wp-content\/uploads\/2022\/04\/rubbellos-baby-1024x1024.jpg\" alt=\"\" class=\"wp-image-8504\" srcset=\"https:\/\/fadenkind.ch\/wp-content\/uploads\/2022\/04\/rubbellos-baby-1024x1024.jpg 1024w, https:\/\/fadenkind.ch\/wp-content\/uploads\/2022\/04\/rubbellos-baby-300x300.jpg 300w, https:\/\/fadenkind.ch\/wp-content\/uploads\/2022\/04\/rubbellos-baby-150x150.jpg 150w, https:\/\/fadenkind.ch\/wp-content\/uploads\/2022\/04\/rubbellos-baby-768x768.jpg 768w, https:\/\/fadenkind.ch\/wp-content\/uploads\/2022\/04\/rubbellos-baby.jpg 1440w\" sizes=\"auto, (max-width: 1024px) 100vw, 1024px\" \/><\/a><figcaption>Rubbellose auf Wunsch ab Chf 7.80<\/figcaption><\/figure>\n<\/div>\n<\/div>\n\n\n\n<div class=\"wp-block-columns is-layout-flex wp-container-core-columns-is-layout-9d6595d7 wp-block-columns-is-layout-flex\">\n<div class=\"wp-block-column is-layout-flow wp-block-column-is-layout-flow\">\n<figure class=\"wp-block-image size-full\"><a href=\"https:\/\/fadenkind.ch\/wp-content\/uploads\/2022\/04\/274830753_4217831714985864_8060890395554718180_n-1.jpg\"><img loading=\"lazy\" decoding=\"async\" width=\"960\" height=\"960\" src=\"https:\/\/fadenkind.ch\/wp-content\/uploads\/2022\/04\/274830753_4217831714985864_8060890395554718180_n-1.jpg\" alt=\"\" class=\"wp-image-8256\" srcset=\"https:\/\/fadenkind.ch\/wp-content\/uploads\/2022\/04\/274830753_4217831714985864_8060890395554718180_n-1.jpg 960w, https:\/\/fadenkind.ch\/wp-content\/uploads\/2022\/04\/274830753_4217831714985864_8060890395554718180_n-1-300x300.jpg 300w, https:\/\/fadenkind.ch\/wp-content\/uploads\/2022\/04\/274830753_4217831714985864_8060890395554718180_n-1-150x150.jpg 150w, https:\/\/fadenkind.ch\/wp-content\/uploads\/2022\/04\/274830753_4217831714985864_8060890395554718180_n-1-768x768.jpg 768w\" sizes=\"auto, (max-width: 960px) 100vw, 960px\" \/><\/a><figcaption>Karten &#8211; individuell ab Chf 6.80<\/figcaption><\/figure>\n<\/div>\n\n\n\n<div class=\"wp-block-column is-layout-flow wp-block-column-is-layout-flow\">\n<figure class=\"wp-block-image size-full\"><a href=\"https:\/\/fadenkind.ch\/wp-content\/uploads\/2022\/04\/159559572_3161731680595878_1236488582848904010_n.jpg\"><img loading=\"lazy\" decoding=\"async\" width=\"960\" height=\"960\" src=\"https:\/\/fadenkind.ch\/wp-content\/uploads\/2022\/04\/159559572_3161731680595878_1236488582848904010_n.jpg\" alt=\"\" class=\"wp-image-8242\" srcset=\"https:\/\/fadenkind.ch\/wp-content\/uploads\/2022\/04\/159559572_3161731680595878_1236488582848904010_n.jpg 960w, https:\/\/fadenkind.ch\/wp-content\/uploads\/2022\/04\/159559572_3161731680595878_1236488582848904010_n-300x300.jpg 300w, https:\/\/fadenkind.ch\/wp-content\/uploads\/2022\/04\/159559572_3161731680595878_1236488582848904010_n-150x150.jpg 150w, https:\/\/fadenkind.ch\/wp-content\/uploads\/2022\/04\/159559572_3161731680595878_1236488582848904010_n-768x768.jpg 768w\" sizes=\"auto, (max-width: 960px) 100vw, 960px\" \/><\/a><figcaption>Karten &#8211; individuell ab Chf 6.80<\/figcaption><\/figure>\n<\/div>\n\n\n\n<div class=\"wp-block-column is-layout-flow wp-block-column-is-layout-flow\">\n<figure class=\"wp-block-image size-large\"><a href=\"https:\/\/fadenkind.ch\/wp-content\/uploads\/2022\/04\/273751503_4180024725433230_8910049791258510397_n.jpg\"><img loading=\"lazy\" decoding=\"async\" width=\"1024\" height=\"1024\" src=\"https:\/\/fadenkind.ch\/wp-content\/uploads\/2022\/04\/273751503_4180024725433230_8910049791258510397_n-1024x1024.jpg\" alt=\"\" class=\"wp-image-8426\" srcset=\"https:\/\/fadenkind.ch\/wp-content\/uploads\/2022\/04\/273751503_4180024725433230_8910049791258510397_n-1024x1024.jpg 1024w, https:\/\/fadenkind.ch\/wp-content\/uploads\/2022\/04\/273751503_4180024725433230_8910049791258510397_n-300x300.jpg 300w, https:\/\/fadenkind.ch\/wp-content\/uploads\/2022\/04\/273751503_4180024725433230_8910049791258510397_n-150x150.jpg 150w, https:\/\/fadenkind.ch\/wp-content\/uploads\/2022\/04\/273751503_4180024725433230_8910049791258510397_n-768x768.jpg 768w, https:\/\/fadenkind.ch\/wp-content\/uploads\/2022\/04\/273751503_4180024725433230_8910049791258510397_n-1536x1536.jpg 1536w, https:\/\/fadenkind.ch\/wp-content\/uploads\/2022\/04\/273751503_4180024725433230_8910049791258510397_n.jpg 2048w\" sizes=\"auto, (max-width: 1024px) 100vw, 1024px\" \/><\/a><figcaption>Reagenzgl\u00e4ser &#8211; individuell ab Chf 9.80<\/figcaption><\/figure>\n<\/div>\n<\/div>\n\n\n\n<div class=\"wp-block-columns is-layout-flex wp-container-core-columns-is-layout-9d6595d7 wp-block-columns-is-layout-flex\">\n<div class=\"wp-block-column is-layout-flow wp-block-column-is-layout-flow\">\n<figure class=\"wp-block-image size-large\"><a href=\"https:\/\/fadenkind.ch\/wp-content\/uploads\/2022\/04\/karte-happy-kind.jpg\"><img loading=\"lazy\" decoding=\"async\" width=\"1024\" height=\"1024\" src=\"https:\/\/fadenkind.ch\/wp-content\/uploads\/2022\/04\/karte-happy-kind-1024x1024.jpg\" alt=\"\" class=\"wp-image-8501\" srcset=\"https:\/\/fadenkind.ch\/wp-content\/uploads\/2022\/04\/karte-happy-kind-1024x1024.jpg 1024w, https:\/\/fadenkind.ch\/wp-content\/uploads\/2022\/04\/karte-happy-kind-300x300.jpg 300w, https:\/\/fadenkind.ch\/wp-content\/uploads\/2022\/04\/karte-happy-kind-150x150.jpg 150w, https:\/\/fadenkind.ch\/wp-content\/uploads\/2022\/04\/karte-happy-kind-768x768.jpg 768w, https:\/\/fadenkind.ch\/wp-content\/uploads\/2022\/04\/karte-happy-kind.jpg 1440w\" sizes=\"auto, (max-width: 1024px) 100vw, 1024px\" \/><\/a><figcaption>Geburtstagskarte &#8211; individuell ab Chf 6.80<\/figcaption><\/figure>\n<\/div>\n\n\n\n<div class=\"wp-block-column is-layout-flow wp-block-column-is-layout-flow\">\n<figure class=\"wp-block-image size-large\"><a href=\"https:\/\/fadenkind.ch\/wp-content\/uploads\/2022\/04\/karte-happy.jpg\"><img loading=\"lazy\" decoding=\"async\" width=\"1024\" height=\"1024\" src=\"https:\/\/fadenkind.ch\/wp-content\/uploads\/2022\/04\/karte-happy-1024x1024.jpg\" alt=\"\" class=\"wp-image-8502\" srcset=\"https:\/\/fadenkind.ch\/wp-content\/uploads\/2022\/04\/karte-happy-1024x1024.jpg 1024w, https:\/\/fadenkind.ch\/wp-content\/uploads\/2022\/04\/karte-happy-300x300.jpg 300w, https:\/\/fadenkind.ch\/wp-content\/uploads\/2022\/04\/karte-happy-150x150.jpg 150w, https:\/\/fadenkind.ch\/wp-content\/uploads\/2022\/04\/karte-happy-768x768.jpg 768w, https:\/\/fadenkind.ch\/wp-content\/uploads\/2022\/04\/karte-happy.jpg 1440w\" sizes=\"auto, (max-width: 1024px) 100vw, 1024px\" \/><\/a><figcaption>Geburtstagskarte &#8211; individuell ab Chf 6.80<\/figcaption><\/figure>\n<\/div>\n\n\n\n<div class=\"wp-block-column is-layout-flow wp-block-column-is-layout-flow\">\n<figure class=\"wp-block-image size-large\"><a href=\"https:\/\/fadenkind.ch\/wp-content\/uploads\/2022\/04\/rubbellos-g..jpg\"><img loading=\"lazy\" decoding=\"async\" width=\"1024\" height=\"1024\" src=\"https:\/\/fadenkind.ch\/wp-content\/uploads\/2022\/04\/rubbellos-g.-1024x1024.jpg\" alt=\"\" class=\"wp-image-8503\" srcset=\"https:\/\/fadenkind.ch\/wp-content\/uploads\/2022\/04\/rubbellos-g.-1024x1024.jpg 1024w, https:\/\/fadenkind.ch\/wp-content\/uploads\/2022\/04\/rubbellos-g.-300x300.jpg 300w, https:\/\/fadenkind.ch\/wp-content\/uploads\/2022\/04\/rubbellos-g.-150x150.jpg 150w, https:\/\/fadenkind.ch\/wp-content\/uploads\/2022\/04\/rubbellos-g.-768x768.jpg 768w, https:\/\/fadenkind.ch\/wp-content\/uploads\/2022\/04\/rubbellos-g..jpg 1440w\" sizes=\"auto, (max-width: 1024px) 100vw, 1024px\" \/><\/a><figcaption>Rubbellos &#8211; Gutschein individuell<br \/>ab Chf 7.80<\/figcaption><\/figure>\n<\/div>\n<\/div>\n\n\n\n<div class=\"wp-block-columns is-layout-flex wp-container-core-columns-is-layout-9d6595d7 wp-block-columns-is-layout-flex\">\n<div class=\"wp-block-column is-layout-flow wp-block-column-is-layout-flow\">\n<figure class=\"wp-block-image size-large\"><a href=\"https:\/\/fadenkind.ch\/wp-content\/uploads\/2022\/04\/261654108_3918953071540398_2385392179077602038_n.jpg\"><img loading=\"lazy\" decoding=\"async\" width=\"1024\" height=\"1024\" src=\"https:\/\/fadenkind.ch\/wp-content\/uploads\/2022\/04\/261654108_3918953071540398_2385392179077602038_n-1024x1024.jpg\" alt=\"\" class=\"wp-image-8351\" srcset=\"https:\/\/fadenkind.ch\/wp-content\/uploads\/2022\/04\/261654108_3918953071540398_2385392179077602038_n-1024x1024.jpg 1024w, https:\/\/fadenkind.ch\/wp-content\/uploads\/2022\/04\/261654108_3918953071540398_2385392179077602038_n-300x300.jpg 300w, https:\/\/fadenkind.ch\/wp-content\/uploads\/2022\/04\/261654108_3918953071540398_2385392179077602038_n-150x150.jpg 150w, https:\/\/fadenkind.ch\/wp-content\/uploads\/2022\/04\/261654108_3918953071540398_2385392179077602038_n-768x768.jpg 768w, https:\/\/fadenkind.ch\/wp-content\/uploads\/2022\/04\/261654108_3918953071540398_2385392179077602038_n-1536x1536.jpg 1536w, https:\/\/fadenkind.ch\/wp-content\/uploads\/2022\/04\/261654108_3918953071540398_2385392179077602038_n.jpg 2048w\" sizes=\"auto, (max-width: 1024px) 100vw, 1024px\" \/><\/a><figcaption>Ausschnitt Motiv\/Schrift<\/figcaption><\/figure>\n<\/div>\n\n\n\n<div class=\"wp-block-column is-layout-flow wp-block-column-is-layout-flow\">\n<figure class=\"wp-block-image size-full\"><a href=\"https:\/\/fadenkind.ch\/wp-content\/uploads\/2022\/04\/274821763_6268126702355_6843391222884581138_n.jpg\"><img loading=\"lazy\" decoding=\"async\" width=\"526\" height=\"526\" src=\"https:\/\/fadenkind.ch\/wp-content\/uploads\/2022\/04\/274821763_6268126702355_6843391222884581138_n.jpg\" alt=\"\" class=\"wp-image-8427\" srcset=\"https:\/\/fadenkind.ch\/wp-content\/uploads\/2022\/04\/274821763_6268126702355_6843391222884581138_n.jpg 526w, https:\/\/fadenkind.ch\/wp-content\/uploads\/2022\/04\/274821763_6268126702355_6843391222884581138_n-300x300.jpg 300w, https:\/\/fadenkind.ch\/wp-content\/uploads\/2022\/04\/274821763_6268126702355_6843391222884581138_n-150x150.jpg 150w\" sizes=\"auto, (max-width: 526px) 100vw, 526px\" \/><\/a><figcaption>Ausschnitt Motiv\/Schrift<\/figcaption><\/figure>\n<\/div>\n\n\n\n<div class=\"wp-block-column is-layout-flow wp-block-column-is-layout-flow\">\n<figure class=\"wp-block-image size-large\"><a href=\"https:\/\/fadenkind.ch\/wp-content\/uploads\/2022\/04\/277583447_4309542992481402_4884877166417779748_n.jpg\"><img loading=\"lazy\" decoding=\"async\" width=\"1024\" height=\"1024\" src=\"https:\/\/fadenkind.ch\/wp-content\/uploads\/2022\/04\/277583447_4309542992481402_4884877166417779748_n-1024x1024.jpg\" alt=\"\" class=\"wp-image-8429\" srcset=\"https:\/\/fadenkind.ch\/wp-content\/uploads\/2022\/04\/277583447_4309542992481402_4884877166417779748_n-1024x1024.jpg 1024w, https:\/\/fadenkind.ch\/wp-content\/uploads\/2022\/04\/277583447_4309542992481402_4884877166417779748_n-300x300.jpg 300w, https:\/\/fadenkind.ch\/wp-content\/uploads\/2022\/04\/277583447_4309542992481402_4884877166417779748_n-150x150.jpg 150w, https:\/\/fadenkind.ch\/wp-content\/uploads\/2022\/04\/277583447_4309542992481402_4884877166417779748_n-768x768.jpg 768w, https:\/\/fadenkind.ch\/wp-content\/uploads\/2022\/04\/277583447_4309542992481402_4884877166417779748_n-1536x1536.jpg 1536w, https:\/\/fadenkind.ch\/wp-content\/uploads\/2022\/04\/277583447_4309542992481402_4884877166417779748_n.jpg 2048w\" sizes=\"auto, (max-width: 1024px) 100vw, 1024px\" \/><\/a><figcaption>Ausschnitt Plottschrift<\/figcaption><\/figure>\n<\/div>\n<\/div>\n\n\n\n<div class=\"wp-block-columns is-layout-flex wp-container-core-columns-is-layout-9d6595d7 wp-block-columns-is-layout-flex\">\n<div class=\"wp-block-column is-layout-flow wp-block-column-is-layout-flow\">\n<figure class=\"wp-block-image size-large\"><a href=\"https:\/\/fadenkind.ch\/wp-content\/uploads\/2022\/04\/275381612_4251657218269980_1244742179715127182_n-1.jpg\"><img loading=\"lazy\" decoding=\"async\" width=\"1024\" height=\"1024\" src=\"https:\/\/fadenkind.ch\/wp-content\/uploads\/2022\/04\/275381612_4251657218269980_1244742179715127182_n-1-1024x1024.jpg\" alt=\"\" class=\"wp-image-8431\" srcset=\"https:\/\/fadenkind.ch\/wp-content\/uploads\/2022\/04\/275381612_4251657218269980_1244742179715127182_n-1-1024x1024.jpg 1024w, https:\/\/fadenkind.ch\/wp-content\/uploads\/2022\/04\/275381612_4251657218269980_1244742179715127182_n-1-300x300.jpg 300w, https:\/\/fadenkind.ch\/wp-content\/uploads\/2022\/04\/275381612_4251657218269980_1244742179715127182_n-1-150x150.jpg 150w, https:\/\/fadenkind.ch\/wp-content\/uploads\/2022\/04\/275381612_4251657218269980_1244742179715127182_n-1-768x768.jpg 768w, https:\/\/fadenkind.ch\/wp-content\/uploads\/2022\/04\/275381612_4251657218269980_1244742179715127182_n-1-1536x1536.jpg 1536w, https:\/\/fadenkind.ch\/wp-content\/uploads\/2022\/04\/275381612_4251657218269980_1244742179715127182_n-1.jpg 2048w\" sizes=\"auto, (max-width: 1024px) 100vw, 1024px\" \/><\/a><figcaption>Ausschnitt Plottschrift<\/figcaption><\/figure>\n<\/div>\n\n\n\n<div class=\"wp-block-column is-layout-flow wp-block-column-is-layout-flow\">\n<figure class=\"wp-block-image size-large is-resized\"><a href=\"https:\/\/fadenkind.ch\/wp-content\/uploads\/2022\/04\/275562540_4254824671286568_661479585320198143_n.jpg\"><img loading=\"lazy\" decoding=\"async\" src=\"https:\/\/fadenkind.ch\/wp-content\/uploads\/2022\/04\/275562540_4254824671286568_661479585320198143_n-1024x1024.jpg\" alt=\"\" class=\"wp-image-8432\" width=\"256\" height=\"256\" srcset=\"https:\/\/fadenkind.ch\/wp-content\/uploads\/2022\/04\/275562540_4254824671286568_661479585320198143_n-1024x1024.jpg 1024w, https:\/\/fadenkind.ch\/wp-content\/uploads\/2022\/04\/275562540_4254824671286568_661479585320198143_n-300x300.jpg 300w, https:\/\/fadenkind.ch\/wp-content\/uploads\/2022\/04\/275562540_4254824671286568_661479585320198143_n-150x150.jpg 150w, https:\/\/fadenkind.ch\/wp-content\/uploads\/2022\/04\/275562540_4254824671286568_661479585320198143_n-768x768.jpg 768w, https:\/\/fadenkind.ch\/wp-content\/uploads\/2022\/04\/275562540_4254824671286568_661479585320198143_n-1536x1536.jpg 1536w, https:\/\/fadenkind.ch\/wp-content\/uploads\/2022\/04\/275562540_4254824671286568_661479585320198143_n.jpg 2048w\" sizes=\"auto, (max-width: 256px) 100vw, 256px\" \/><\/a><figcaption>Ausschnitt Plottschrift<\/figcaption><\/figure>\n<\/div>\n\n\n\n<div class=\"wp-block-column is-layout-flow wp-block-column-is-layout-flow\">\n<figure class=\"wp-block-image size-large\"><a href=\"https:\/\/fadenkind.ch\/wp-content\/uploads\/2022\/04\/277580876_4308790112556690_6506025463556452111_n-2.jpg\"><img loading=\"lazy\" decoding=\"async\" width=\"1024\" height=\"1024\" src=\"https:\/\/fadenkind.ch\/wp-content\/uploads\/2022\/04\/277580876_4308790112556690_6506025463556452111_n-2-1024x1024.jpg\" alt=\"\" class=\"wp-image-8433\" srcset=\"https:\/\/fadenkind.ch\/wp-content\/uploads\/2022\/04\/277580876_4308790112556690_6506025463556452111_n-2-1024x1024.jpg 1024w, https:\/\/fadenkind.ch\/wp-content\/uploads\/2022\/04\/277580876_4308790112556690_6506025463556452111_n-2-300x300.jpg 300w, https:\/\/fadenkind.ch\/wp-content\/uploads\/2022\/04\/277580876_4308790112556690_6506025463556452111_n-2-150x150.jpg 150w, https:\/\/fadenkind.ch\/wp-content\/uploads\/2022\/04\/277580876_4308790112556690_6506025463556452111_n-2-768x768.jpg 768w, https:\/\/fadenkind.ch\/wp-content\/uploads\/2022\/04\/277580876_4308790112556690_6506025463556452111_n-2-1536x1536.jpg 1536w, https:\/\/fadenkind.ch\/wp-content\/uploads\/2022\/04\/277580876_4308790112556690_6506025463556452111_n-2.jpg 2048w\" sizes=\"auto, (max-width: 1024px) 100vw, 1024px\" \/><\/a><figcaption>Ausschnitt Motiv\/Schrift<\/figcaption><\/figure>\n<\/div>\n<\/div>\n\n\n\n<p><\/p>\n","protected":false},"excerpt":{"rendered":"<p>Mittlerweile steht nicht nur das N\u00e4hen im Zentrum, sondern auch andere kreative T\u00e4tigkeiten. Ebenfalls hat mittlerweile ein Plotter ein Pl\u00e4tzchen im Atelier von fadenkind gefunden. Alle verwendeten Motive und Schriften sind lizenziert. Anbei einen Ausschnitt von beplotteten Produkten ohne Preisbeschriftung (Preise auf Anfrage).<\/p>\n","protected":false},"author":2,"featured_media":0,"parent":8366,"menu_order":6,"comment_status":"closed","ping_status":"closed","template":"","meta":{"footnotes":""},"class_list":["post-8425","page","type-page","status-publish","hentry"],"_links":{"self":[{"href":"https:\/\/fadenkind.ch\/index.php?rest_route=\/wp\/v2\/pages\/8425","targetHints":{"allow":["GET"]}}],"collection":[{"href":"https:\/\/fadenkind.ch\/index.php?rest_route=\/wp\/v2\/pages"}],"about":[{"href":"https:\/\/fadenkind.ch\/index.php?rest_route=\/wp\/v2\/types\/page"}],"author":[{"embeddable":true,"href":"https:\/\/fadenkind.ch\/index.php?rest_route=\/wp\/v2\/users\/2"}],"replies":[{"embeddable":true,"href":"https:\/\/fadenkind.ch\/index.php?rest_route=%2Fwp%2Fv2%2Fcomments&post=8425"}],"version-history":[{"count":3,"href":"https:\/\/fadenkind.ch\/index.php?rest_route=\/wp\/v2\/pages\/8425\/revisions"}],"predecessor-version":[{"id":8596,"href":"https:\/\/fadenkind.ch\/index.php?rest_route=\/wp\/v2\/pages\/8425\/revisions\/8596"}],"up":[{"embeddable":true,"href":"https:\/\/fadenkind.ch\/index.php?rest_route=\/wp\/v2\/pages\/8366"}],"wp:attachment":[{"href":"https:\/\/fadenkind.ch\/index.php?rest_route=%2Fwp%2Fv2%2Fmedia&parent=8425"}],"curies":[{"name":"wp","href":"https:\/\/api.w.org\/{rel}","templated":true}]}}